{"id":1189,"date":"2014-05-28T10:52:28","date_gmt":"2014-05-28T08:52:28","guid":{"rendered":"https:\/\/www.cschkolin.cz\/?page_id=1189"},"modified":"2026-03-13T11:00:48","modified_gmt":"2026-03-13T10:00:48","slug":"prihlaska-clenstvi","status":"publish","type":"page","link":"https:\/\/www.cschkolin.cz\/?page_id=1189","title":{"rendered":"P\u0159ihl\u00e1\u0161ka \u010dlenstv\u00ed"},"content":{"rendered":"\n\n\n<p><a href=\"https:\/\/www.cschkolin.cz\/wp-content\/uploads\/2026\/03\/prihlas_clena_zo_kolin_nova.docx\" target=\"_blank\" rel=\"noopener\">P\u0159ihl\u00e1\u0161ka za \u010dlena ZO \u010cSCH Kol\u00edn 1<\/a><\/p>\n","protected":false},"excerpt":{"rendered":"<p>P\u0159ihl\u00e1\u0161ka za \u010dlena ZO \u010cSCH Kol\u00edn 1<\/p>\n","protected":false},"author":1,"featured_media":0,"parent":2,"menu_order":-14,"comment_status":"closed","ping_status":"closed","template":"","meta":{"ngg_post_thumbnail":0},"_links":{"self":[{"href":"https:\/\/www.cschkolin.cz\/index.php?rest_route=\/wp\/v2\/pages\/1189"}],"collection":[{"href":"https:\/\/www.cschkolin.cz\/index.php?rest_route=\/wp\/v2\/pages"}],"about":[{"href":"https:\/\/www.cschkolin.cz\/index.php?rest_route=\/wp\/v2\/types\/page"}],"author":[{"embeddable":true,"href":"https:\/\/www.cschkolin.cz\/index.php?rest_route=\/wp\/v2\/users\/1"}],"replies":[{"embeddable":true,"href":"https:\/\/www.cschkolin.cz\/index.php?rest_route=%2Fwp%2Fv2%2Fcomments&post=1189"}],"version-history":[{"count":8,"href":"https:\/\/www.cschkolin.cz\/index.php?rest_route=\/wp\/v2\/pages\/1189\/revisions"}],"predecessor-version":[{"id":3587,"href":"https:\/\/www.cschkolin.cz\/index.php?rest_route=\/wp\/v2\/pages\/1189\/revisions\/3587"}],"up":[{"embeddable":true,"href":"https:\/\/www.cschkolin.cz\/index.php?rest_route=\/wp\/v2\/pages\/2"}],"wp:attachment":[{"href":"https:\/\/www.cschkolin.cz\/index.php?rest_route=%2Fwp%2Fv2%2Fmedia&parent=1189"}],"curies":[{"name":"wp","href":"https:\/\/api.w.org\/{rel}","templated":true}]}}