{"id":1421,"date":"2015-10-28T11:23:14","date_gmt":"2015-10-28T10:23:14","guid":{"rendered":"https:\/\/www.cschkolin.cz\/?page_id=1421"},"modified":"2022-01-07T22:05:32","modified_gmt":"2022-01-07T21:05:32","slug":"2015-2","status":"publish","type":"page","link":"https:\/\/www.cschkolin.cz\/?page_id=1421","title":{"rendered":"2015"},"content":{"rendered":"<h3><a href=\"https:\/\/www.cschkolin.cz\/dokumenty\/Katalog_P2015.pdf\" target=\"_blank\" rel=\"noopener\">P\u0159edb\u011b\u017en\u00fd katalog <\/a><\/h3>\n<h3><a href=\"https:\/\/www.cschkolin.cz\/dokumenty\/katalog_videnaci_2015.pdf\" target=\"_blank\" rel=\"noopener\">Katalog\u00a0 V\u00edde\u0148\u00e1k\u016f <\/a><\/h3>\n","protected":false},"excerpt":{"rendered":"<p>P\u0159edb\u011b\u017en\u00fd katalog Katalog\u00a0 V\u00edde\u0148\u00e1k\u016f<\/p>\n","protected":false},"author":1,"featured_media":0,"parent":368,"menu_order":6,"comment_status":"closed","ping_status":"closed","template":"","meta":{"ngg_post_thumbnail":0},"_links":{"self":[{"href":"https:\/\/www.cschkolin.cz\/index.php?rest_route=\/wp\/v2\/pages\/1421"}],"collection":[{"href":"https:\/\/www.cschkolin.cz\/index.php?rest_route=\/wp\/v2\/pages"}],"about":[{"href":"https:\/\/www.cschkolin.cz\/index.php?rest_route=\/wp\/v2\/types\/page"}],"author":[{"embeddable":true,"href":"https:\/\/www.cschkolin.cz\/index.php?rest_route=\/wp\/v2\/users\/1"}],"replies":[{"embeddable":true,"href":"https:\/\/www.cschkolin.cz\/index.php?rest_route=%2Fwp%2Fv2%2Fcomments&post=1421"}],"version-history":[{"count":4,"href":"https:\/\/www.cschkolin.cz\/index.php?rest_route=\/wp\/v2\/pages\/1421\/revisions"}],"predecessor-version":[{"id":2425,"href":"https:\/\/www.cschkolin.cz\/index.php?rest_route=\/wp\/v2\/pages\/1421\/revisions\/2425"}],"up":[{"embeddable":true,"href":"https:\/\/www.cschkolin.cz\/index.php?rest_route=\/wp\/v2\/pages\/368"}],"wp:attachment":[{"href":"https:\/\/www.cschkolin.cz\/index.php?rest_route=%2Fwp%2Fv2%2Fmedia&parent=1421"}],"curies":[{"name":"wp","href":"https:\/\/api.w.org\/{rel}","templated":true}]}}