{"id":1451,"date":"2015-12-21T15:56:56","date_gmt":"2015-12-21T14:56:56","guid":{"rendered":"https:\/\/www.cschkolin.cz\/?page_id=1451"},"modified":"2015-12-21T16:01:56","modified_gmt":"2015-12-21T15:01:56","slug":"okresni-listopadova-vystava","status":"publish","type":"page","link":"https:\/\/www.cschkolin.cz\/?page_id=1451","title":{"rendered":"Okresn\u00ed listopadov\u00e1 v\u00fdstava"},"content":{"rendered":"<p style=\"text-align: left;\"><strong>Okresn\u00ed v\u00fdstava a speci\u00e1lky v\u00a0Kol\u00edn\u011b<\/strong><\/p>\n<p style=\"text-align: center;\">ngg_shortcode_0_placeholder<\/p>\n<p>Dne 7.11.2015 se v\u00a0Kol\u00edn\u011b &#8211; \u0160t\u00edtarech uskute\u010dnila okresn\u00ed v\u00fdstava kr\u00e1l\u00edk\u016f, dr\u016fbe\u017ee, holub\u016f a exotick\u00e9ho ptactva. Z\u00e1rove\u0148 prob\u011bhly speci\u00e1ln\u00ed v\u00fdstavy klub\u016f chovatel\u016f kr\u00e1l\u00edk\u016f japonsk\u00fdch, moravsk\u00fdch b\u00edl\u00fdch hn\u011bdook\u00fdch, zaje\u010d\u00edch a k\u00a0vid\u011bn\u00ed byla i roz\u0161\u00ed\u0159en\u00e1 expozice \u010desk\u00fdch strak\u00e1\u010d\u016f. V\u00a0r\u00e1mci klub\u016f chovatel\u016f dr\u016fbe\u017ee prob\u011bhly speci\u00e1ln\u00ed v\u00fdstavy vyandotek a velsumek. U holub\u016f pak speci\u00e1ln\u00ed v\u00fdstava klubu chovatel\u016f \u010desk\u00fdch vol\u00e1\u010d\u016f.<\/p>\n<p>Celkem bylo p\u0159ihl\u00e1\u0161eno 356 kr\u00e1l\u00edk\u016f, 329 holub\u016f, 217 ks dr\u016fbe\u017ee a na 218 ksexotick\u00e9ho ptactva. Posuzov\u00e1n\u00ed prob\u011bhlo 6.11.2015. Posouzen\u00ed kr\u00e1l\u00edk\u016f pod veden\u00edm \u010c. Pozdn\u00edka provedli: D. Caithamlov\u00e1, K. Chadraba, J.Michel, J. Nov\u00e1\u010dkov\u00e1, Ing. J. Patras a J. Vlastn\u00edk. Vedouc\u00edm posuzovatel\u016f holub\u016f byl V. Z\u00e1hora. Posuzovali: H. Dufek, J. S\u010debel, A. Straka a Mgr. J. V\u00ed\u0161ek. Dr\u016fbe\u017e pod veden\u00edm J.Bayera posoudili: P. Dvo\u0159\u00e1k, L. Moj\u017e\u00ed\u0161 a J. Vilhelm.<\/p>\n<p>V\u00a0horn\u00ed hale uv\u00edtala n\u00e1v\u0161t\u011bvn\u00edky vkusn\u011b vyzdoben\u00e1 <strong>expozice exotick\u00e9ho ptactva<\/strong> dopln\u011bn\u00e1 o drobn\u00e9 hlodavce a akvarijn\u00ed rybky. Bylo vystaveno 20 zeb\u0159i\u010dek, 20 kan\u00e1r\u016f, 38 andulek, 10 agapornis\u016f, 12 kakarik\u016f, 9 papou\u0161k\u016f zp\u011bvav\u00fdch, 14 hrdli\u010dek, 4 papou\u0161ci kr\u00e1lov\u0161t\u00ed, 3 amazo\u0148an\u00e9 modro\u010del\u00ed, 6 alexandr\u016f mal\u00fdch, 25 rozel a 20 korel, po p\u00e1ru pyrur \u017elutoprs\u00fdch, bourk\u016f,\u010d\u00ednsk\u00fdch k\u0159epelek, mn\u00ed\u0161k\u016f, papou\u0161k\u016f n\u00e1dhern\u00fdch, rozel rub\u00ednov\u00fdch, amazonk\u016f \u010dernohlav\u00fdch, alexandr\u016f \u010d\u00ednsk\u00fdch, \u017eak\u016f a elektus\u016f r\u016fznobarv\u00fdch. D\u00e1le zaujalo 6 ba\u017eant\u016f st\u0159\u00edbrn\u00fdch, 3 p\u00e1vi, 8ks okrasn\u00fdch kachni\u010dek. Sv\u00e1 zv\u00ed\u0159ata p\u0159edvedlo 13 vystavovatel\u016f. Bylo ud\u011bleno 6 \u010destn\u00fdch cen. Z\u00edskala je kolekce kan\u00e1r\u016f R. Prejzy, z\u00a0mal\u00fdch papou\u0161k\u016f pyrury \u017elutoprs\u00e9 J. Macha, ze st\u0159edn\u00edch papou\u0161k\u016f rosely \u017elutohlav\u00e9 V. D\u0159eva. D\u00e1le byla ocen\u011bna kolekce p\u00e1v\u016f J. Ka\u0161ov\u00e9 a \u010destnou cenu z\u00edskal i mlad\u00fd chovatel J. Ln\u011bni\u010dka. \u010cestnou a z\u00e1rove\u0148 v\u00edt\u011bznou cenu z\u00edskal M. Batelka za elektuse r\u016fznobarv\u00e9. V\u00fdstava exot\u016f byla pro ve\u0159ejnost tradi\u010dn\u011b otev\u0159ena a\u017e do ned\u011bln\u00edho trhu.<\/p>\n<p><strong>V\u00fdstavu kr\u00e1l\u00edk\u016f<\/strong> zahajovali francouz\u0161t\u00ed berani 1ks divoce zbarven\u00fd a 1 ks \u017eelezit\u00fd. N\u00e1sledovalo: 14 ks moravsk\u00fdch modr\u00fdch (\u010d. cenu z\u00edskal S. \u010cerm\u00e1k), 25 ks velk\u00fdch sv\u011btl\u00fdch st\u0159\u00edb\u0159it\u00fdch pom\u011brn\u011b vyrovnan\u00e9 kvality (\u010d.ceny: F. Pila\u0159, J. \u0160vehl\u00edk, V. Nov\u00e1k), 3 ks \u010din\u010dily velk\u00e9, 2 meklenbur\u0161t\u00ed strak\u00e1\u010di \u010dern\u00ed, 4 v\u00edden\u0161t\u00ed mod\u0159\u00ed (\u010d. cena M. Pfeifer), 7 v\u00eddensk\u00fdch \u0161ed\u00fdch (dv\u011b \u010d.ceny: E. \u0160indel\u00e1\u0159ov\u00e1). D\u00e1le 12ks novoz\u00e9landsk\u00fdch \u010derven\u00fdch (\u010d.cena: J. \u0160varc), 9 novoz\u00e9landsk\u00fdch b\u00edl\u00fdch (\u010d.ceny: B. Kub\u00edk a V.V\u00e1vra), 9 burgundsk\u00fdch, 13 kr\u00e1l\u00edk\u016f kalifornsk\u00fdch a 1 \u010desk\u00fd lu\u0161ti\u010d.<\/p>\n<p><em><strong>Speci\u00e1ln\u00ed v\u00fdstava japonsk\u00fdch kr\u00e1l\u00edk\u016f<\/strong><\/em> p\u0159edstavila 32 ks od \u0161esti vystavovatel\u016f, z\u00a0nich\u017e vynikla p\u0159edev\u0161\u00edm zv\u00ed\u0159ata M. Pfeifera. Z\u00edskal poh\u00e1ry na nejlep\u0161\u00ed samici a nejlep\u0161\u00ed kolekci (378,5b.). Poh\u00e1r na nejlep\u0161\u00edho samce oc. 95,5 b. z\u00edskal P. Barto\u0148. Bylo ud\u011bleno sedm \u010destn\u00fdch cen: dv\u011b \u010d. ceny z\u00edskal Z. Pokorn\u00fd, t\u0159i \u010d. ceny R. Vit\u00e1sek a po jedn\u00e9 P. Barto\u0148 a M. Pfeifer. Speci\u00e1lka japonsk\u00fdch kr\u00e1l\u00edk\u016f byla dopln\u011bna je\u0161t\u011b t\u0159emi kusy zakrsl\u00fdch beran\u016f japanovit\u00fdch a 6 ks zakrsl\u00fdch japonsk\u00fdch (\u010d.cena Z. Kopeck\u00fd). Raritou byla uk\u00e1zka neofici\u00e1ln\u00edho \u0161lecht\u011bn\u00ed japonsk\u00e9ho kr\u00e1l\u00edka v\u00a0barv\u011b b\u00edlo- havanovit\u00e9 ing. J. France. \u0160lo o zv\u00ed\u0159e velmi l\u00edbiv\u00e9 zejm\u00e9na sv\u00fdm typem.<\/p>\n<p>\u010cesk\u00fd strak\u00e1\u010d byl vystaven v\u00a0barv\u011b \u010dern\u00e9 (31), modr\u00e9 (1), havanovit\u00e9 (1), \u017elut\u00e9 (2), divok\u00e9 (6),\u017eelezit\u00e9 (1) a \u010derno\u017elut\u00e9 (6). Poh\u00e1r na nejlep\u0161\u00ed kolekci z\u00edskal J. Proch\u00e1zka, \u010d. ceny pak J. Posp\u00ed\u0161il na 1,0 95 b., J. Vlastn\u00edk na 0,1 \u010cS\u017eel 95b.aj. Tu\u010dek na 1,0 \u010cS\u010d\u017e oc. 96 body.<\/p>\n<p>V\u00a0r\u00e1mci <em><strong>speci\u00e1lky moravsk\u00fdch b\u00edl\u00fdch hn\u011bdook\u00fdch<\/strong><\/em> bylo p\u0159edstaveno 38 zv\u00ed\u0159at \u0161esti chovatel\u016f. Nejlep\u0161\u00ed zv\u00ed\u0159ata pat\u0159ila P. Bi\u010d\u00e1kovi, kter\u00fd z\u00edskal v\u0161echny t\u0159i poh\u00e1ry ur\u010den\u00e9 na nejlep\u0161\u00ed kolekci, samce i samici. \u010cestnou cenu z\u00edskal je\u0161t\u011b samec M. Kaisera oc. 94,5b. Po str\u00e1nce kvality lze \u0159\u00edci, \u017ee zv\u00ed\u0159ata p\u011bkn\u00e1 v\u00a0typu a tvaru se pot\u00fdkala s\u00a0v\u00fdskytem tmav\u00fdch chloupk\u016f (zejm. v\u00a0lemech u\u0161\u00ed, ale i na z\u00e1di), oproti tomu zv\u00ed\u0159ata vynikaj\u00edc\u00ed v\u00a0barv\u011b m\u011bla hodn\u011b tvarov\u00fdch nedostatk\u016f zejm\u00e9na v\u00a0utv\u00e1\u0159en\u00ed z\u00e1d\u011b.<\/p>\n<p><em><strong>Speci\u00e1ln\u00ed v\u00fdstava kr\u00e1l\u00edk\u016f zaje\u010d\u00edch<\/strong><\/em> \u010d\u00edtala 54ks zv\u00ed\u0159at od deseti vystavovatel\u016f. Byli k\u00a0vid\u011bn\u00ed ve zbarven\u00ed divoce ohniv\u00e9m (47), t\u0159\u00edslov\u011b \u010dern\u00e9m(4) a t\u0159\u00edslov\u011b modr\u00e9m (3). Nejlep\u0161\u00ed kolekci (381,5b.) a nejkvalitn\u011bj\u0161\u00edho samce (96b.) p\u0159edvedl \u010c. Pozdn\u00edk, nejlep\u0161\u00ed samice pat\u0159ila M. Kul\u00ed\u0161kovi. D\u00e1le z\u00edskal \u010d. cenu: J. J\u00edcha, J. Kr\u00e1l a M. Kul\u00ed\u0161ek. Na zaje\u010d\u00ed t\u0159\u00edslov\u011b \u010dern\u00e9 z\u00edskal poh\u00e1r za nejlep\u0161\u00ed samici a samce J. Petrs\u00edk.<\/p>\n<p>Mal\u00e1 plemena byla zastoupena osmi \u010desk\u00fdmi \u010derven\u00fdmi. \u010cestnou cenu z\u00edskal V. Korinta, holandsk\u00fdmi havanovit\u00fdmi (7) a divoce havanovit\u00fdmi (5), deseti t\u0159\u00edslov\u00fdmi \u010dern\u00fdmi &#8211; \u010d. cena A. Flieger, rusk\u00fdmi \u010dern\u00fdmi (3) a \u010desk\u00fdmi \u010dernopes\u00edkat\u00fdmi (2). N\u00e1sledovali \u010dty\u0159i hermel\u00edni modrooc\u00ed vyrovnan\u00e9 kvality. Z\u00e1v\u011br expozice kr\u00e1l\u00edk\u016f pat\u0159il rex\u016fm b\u00edl\u00fdm \u010dervenook\u00fdm (3), dalmatinsk\u00fdm strak\u00e1\u010d\u016fm \u010dern\u00fdm (10) a osmi DS \u010derno\u017elut\u00fdm, na kter\u00e9 z\u00edskal \u010d. cenu R. M\u011bs\u00ed\u010dek.<\/p>\n<p>Okresn\u00ed poh\u00e1r na nejlep\u0161\u00ed kolekci kr\u00e1l\u00edk\u016f z\u00edskal p\u0159. \u010cen\u011bk Pozdn\u00edk \u2013 Za (381,5b.).<\/p>\n<p>V\u00a0r\u00e1mci <strong>expozice holub\u016f<\/strong> byla vystavena n\u00e1sleduj\u00edc\u00ed plemena: mond\u00e9n (10) v barv\u00e1ch modr\u00fd pruhov\u00fd, \u010derven\u00fd b\u011blou\u0161 a grizl, moravsk\u00fd p\u0161tros (61) \u2013 \u010d. cenu z\u00edskal V. Liska na \u010dervenou holubici 95 b., J Mikina na modr\u00e9ho holuba 95b. S.\u00a0Darius na modr\u00e9ho b\u011blopruh\u00e9ho holuba 95 b. N\u00e1sledovala plemena polsk\u00fd rys (16), kobursk\u00fd sk\u0159ivan (16), lahore (4), bene\u0161ovsk\u00fd holub (5) \u2013 \u010d. cenu z\u00edskal \u010c. Pozdn\u00edk na b\u00edl\u00e9ho holuba oc. 96b., king b\u00edl\u00fd (10)- \u010d. cenu z\u00edskal F. \u0160imek na holuba oc. 95b., han\u00e1ck\u00fd vol\u00e1\u010d (4) \u2013 \u010d. cena: J. Tu\u010dek na modr\u00e9ho \u010dernopruh\u00e9ho holuba oc. 96b., hesensk\u00fd vol\u00e1\u010d (4) \u2013 \u010d.cena J. Havrda na \u010dern\u00e9ho st\u0159\u00edkan\u00e9ho holuba 95b., slezsk\u00fd vol\u00e1\u010d (10) \u2013 \u010d. cena \u010c. Pozdn\u00edk na holubici oc. 96 b. Po\u010detn\u00e9 bylo zastoupen\u00ed \u010desk\u00fdch stav\u00e1k\u016f \u2013 78 ks v\u00a0\u0161esti barevn\u00fdch r\u00e1zech \u2013 \u010d. ceny: V. Liska na 0,1 \u010derven\u011b sedlatou 95b., M. Calda na 0,1 \u017elutou sedlatou 96b. a holubici \u010derven\u00fd plam\u00ednek 96b.<\/p>\n<p><em><strong>Speci\u00e1ln\u00ed v\u00fdstava \u010desk\u00fdch vol\u00e1\u010d\u016f siv\u00fdch<\/strong><\/em> \u010d\u00edtala 65 ks osmi vystavovatel\u016f. Poh\u00e1ry ur\u010den\u00e9 nejlep\u0161\u00edmu p\u00e1ru (2x 96 b.) z\u00edskal na pruhov\u00e9 tmavohrot\u00e9 J. Holec. \u010cestn\u00e9 ceny obdr\u017eeli: B. Blecha, J. Holec (2x) a J. Mazal.<\/p>\n<p>Z\u00a0dal\u0161\u00edch plemen byli vystaveni je\u0161t\u011b led\u0148\u00e1ci (4), \u010desk\u00e9 \u010dejky rousn\u00e9 (12) \u2013 na st\u0159\u00edb\u0159it\u00e9ho b\u011blopruh\u00e9ho holuba dostal \u010d. cenu J. Tu\u010dek, \u010de\u0161t\u00ed bubl\u00e1ci ( 4) \u2013 \u010d. cena: J. Tu\u010dek 0,1 \u010derven\u00e1 b\u011blo\u0161t\u00edtn\u00e1 96b., \u010d\u00edn\u0161t\u00ed holubi (4), \u0161malkal\u0161t\u00ed barevnohl\u00e1vci (2), paruk\u00e1\u0159i (3), kapuc\u00edni (9) a kudrn\u00e1\u010di (8) \u2013 \u010destnou cenu z\u00edskal na \u010deven\u00e9ho b\u011blou\u0161e oc. 95 b. J. Havrda.<\/p>\n<p>Okresn\u00ed poh\u00e1r za nejlep\u0161\u00ed holuby \u2013 bene\u0161ovsk\u00e9 b\u00edl\u00e9, z\u00edskal p\u0159. \u010cen\u011bk Pozdn\u00edk.<\/p>\n<p><strong>Expozice dr\u016fbe\u017ee<\/strong> zahrnovala celkem 217 zv\u00ed\u0159at, z toho bylo 14 ks hus a 10 ks kachen. Z\u00a0vodn\u00ed dr\u016fbe\u017ee byly zastoupeny husy \u010desk\u00e9 (4) &#8211; \u010d. cena 0,1: 95b. P. Tu\u010dek, \u010desk\u00e9 chocholat\u00e9 (4), landesk\u00e9 (4), pomo\u0159ansk\u00e9 (2). Kachny byly zastoupeny indick\u00fdmi b\u011b\u017eci (5), kachnami \u010d\u00e1rkovan\u00fdmi (2) a t\u0159emi pi\u017emovkami hn\u011bd\u011b divok\u00fdmi. Kur dom\u00e1c\u00ed byl v\u00a0r\u00e1mci okresn\u00ed v\u00fdstavy prezentov\u00e1n plemeny: brakelka (3), \u010desk\u00e1 slepice (3), minorka (6) &#8211; \u010d. cenu na slepici 95 b.obdr\u017eel J.Kuba. Vla\u0161ka koroptv\u00ed (3), australka (6), maranska \u010dern\u00e1 m\u011bd\u011bn\u011bkrk\u00e1 a modr\u00e1 m\u011bd\u011bn\u011bkrk\u00e1 (6), plymutka \u017e\u00edhan\u00e1 (3), rodajlendka (3), araukana b\u00edl\u00e1, \u010dern\u00e1 a modr\u00e1 (15) &#8211; \u010d. cenu na \u010dernou slepici 94b. z\u00edskal K. Chadraba, zdrobn\u011bl\u00e1 jokohamka (3), japonka \u010dernob\u00edl\u00e1 (4). \u010cestnou cenu na zdrobn\u011blou holan\u010fanku (6) obdr\u017eela J. Nov\u00e1\u010dkov\u00e1 na slepici 96b. N\u011bkolik p\u0159ihl\u00e1\u0161en\u00fdch zv\u00ed\u0159at dal\u0161\u00edch plemen nebylo dod\u00e1no. Poh\u00e1r pro v\u00edt\u011bze okresn\u00ed v\u00fdstavy si odnesl L. V\u00e1clav\u00edk za zdrobn\u011bl\u00e9 maransky (282,5 b.).<\/p>\n<p><em><strong>Speci\u00e1ln\u00ed v\u00fdstava vyandotek<\/strong><\/em> zahrnovala 10 velk\u00fdch ve zbarven\u00ed zlat\u00e9m \u010dern\u011b lemovan\u00e9m a st\u0159\u00edbrn\u00e9m \u010dern\u011b lemovan\u00e9m od dvou vystavovatel\u016f. Poh\u00e1r z\u00edskal M. Robovsk\u00fd na st\u0159\u00edbrn\u00e9 \u010dern\u011b lemovan\u00e9. Zdrobn\u011bl\u00fdch vyandotek bylo vystaveno 52 ks v\u00a0\u0161esti barevn\u00fdch r\u00e1zech. Z p\u011bti vystavovatel\u016f byl nej\u00fasp\u011b\u0161n\u011bj\u0161\u00ed J.Baka, kter\u00fd z\u00edskal t\u0159i poh\u00e1ry: na zW b\u00ed\u013a\u00e9 &#8211; kohouta 95,5b., slepici 98 b. a kolekci 286b. zW st\u0159\u00edbrn\u011b koroptv\u00fdch vlnit\u00fdch, mimo to dostal i \u010destnou cenu na st\u0159\u00edbrn\u00e9 \u010dern\u011b lemovan\u00e9 a zWst\u0159korvl. \u010cestnou cenu na \u010dern\u00e9 b\u00edle skvrnit\u00e9 z\u00edskal J. Pichl.<\/p>\n<p><em><strong>V expozici klubu velsumek<\/strong><\/em> byly zastoupeny velsumky velk\u00e9 v\u00a0barevn\u00e9m r\u00e1zu rezav\u011b koroptv\u00edm (6), rezav\u011b oran\u017eov\u00e9m (6) a mod\u0159e rezav\u011b oran\u017eov\u00e9m (3). Poh\u00e1r na nejlep\u0161\u00ed kolekci 284b. a nejlep\u0161\u00ed slepici 95b. z\u00edskal S. Kulanda. Na nejlep\u0161\u00edho kohouta 96b. pak J. Kr\u00e1l. Zdrobn\u011bl\u00fdch velsumek bylo prezentov\u00e1no 40 ks od osmi vystavovatel\u016f.\u00a0V\u011bt\u0161ina byla rezav\u011b koroptv\u00fdch, pouze 3ks modr\u00e9 rezav\u011b koroptv\u00ed. Poh\u00e1r na nejlep\u0161\u00edho kohouta 95b. obdr\u017eel J. Kr\u00e1l, \u010destn\u00e9 ceny pak V. Mart\u00ednek a J. Ka\u0161e.<\/p>\n<p>V\u00fdstavy se z\u00fa\u010dastnilo 99 vystavovatel\u016f kr\u00e1l\u00edk\u016f, dr\u016fbe\u017ee a holub\u016f. Pom\u011brn\u011b dost kvalitn\u00edch zv\u00ed\u0159at bylo prodejn\u00fdch, a tak byla p\u0159\u00edle\u017eitost k\u00a0n\u00e1kupu chovn\u00fdch zv\u00ed\u0159at a tak\u00e9 \u0159ad\u011b p\u0159\u00e1telsk\u00fdch setk\u00e1n\u00ed. V\u00a0p\u00e1tek 6.11. v\u00a0r\u00e1mci propagace chovatelstv\u00ed nav\u0161t\u00edvilo v\u00fdstavu bezplatn\u011b na 600 d\u011bt\u00ed z\u00a0M\u0160 a Z\u0160 z\u00a0Kol\u00edna a okol\u00ed. V\u00fdznamnou byla i n\u00e1v\u0161t\u011bva starosty a m\u00edstostarosty m\u011bsta Kol\u00edna.<\/p>\n<p style=\"text-align: right;\"><em>J. Nov\u00e1\u010dkov\u00e1<\/em><\/p>\n<p>&nbsp;<\/p>\n","protected":false},"excerpt":{"rendered":"<p>Okresn\u00ed v\u00fdstava a speci\u00e1lky v\u00a0Kol\u00edn\u011b Dne 7.11.2015 se v\u00a0Kol\u00edn\u011b &#8211; \u0160t\u00edtarech uskute\u010dnila okresn\u00ed v\u00fdstava kr\u00e1l\u00edk\u016f, dr\u016fbe\u017ee, holub\u016f a exotick\u00e9ho ptactva. Z\u00e1rove\u0148 prob\u011bhly speci\u00e1ln\u00ed v\u00fdstavy klub\u016f chovatel\u016f kr\u00e1l\u00edk\u016f japonsk\u00fdch, moravsk\u00fdch b\u00edl\u00fdch hn\u011bdook\u00fdch, zaje\u010d\u00edch a k\u00a0vid\u011bn\u00ed byla i roz\u0161\u00ed\u0159en\u00e1 expozice \u010desk\u00fdch strak\u00e1\u010d\u016f. V\u00a0r\u00e1mci klub\u016f chovatel\u016f dr\u016fbe\u017ee prob\u011bhly speci\u00e1ln\u00ed v\u00fdstavy vyandotek a velsumek. U holub\u016f pak speci\u00e1ln\u00ed v\u00fdstava &hellip; <\/p>\n<p><a class=\"more-link block-button\" href=\"https:\/\/www.cschkolin.cz\/?page_id=1451\">Pokra\u010dovat ve \u010dten\u00ed &raquo;<\/a><\/p>\n","protected":false},"author":1,"featured_media":0,"parent":1328,"menu_order":0,"comment_status":"closed","ping_status":"closed","template":"","meta":{"ngg_post_thumbnail":0},"_links":{"self":[{"href":"https:\/\/www.cschkolin.cz\/index.php?rest_route=\/wp\/v2\/pages\/1451"}],"collection":[{"href":"https:\/\/www.cschkolin.cz\/index.php?rest_route=\/wp\/v2\/pages"}],"about":[{"href":"https:\/\/www.cschkolin.cz\/index.php?rest_route=\/wp\/v2\/types\/page"}],"author":[{"embeddable":true,"href":"https:\/\/www.cschkolin.cz\/index.php?rest_route=\/wp\/v2\/users\/1"}],"replies":[{"embeddable":true,"href":"https:\/\/www.cschkolin.cz\/index.php?rest_route=%2Fwp%2Fv2%2Fcomments&post=1451"}],"version-history":[{"count":7,"href":"https:\/\/www.cschkolin.cz\/index.php?rest_route=\/wp\/v2\/pages\/1451\/revisions"}],"predecessor-version":[{"id":1458,"href":"https:\/\/www.cschkolin.cz\/index.php?rest_route=\/wp\/v2\/pages\/1451\/revisions\/1458"}],"up":[{"embeddable":true,"href":"https:\/\/www.cschkolin.cz\/index.php?rest_route=\/wp\/v2\/pages\/1328"}],"wp:attachment":[{"href":"https:\/\/www.cschkolin.cz\/index.php?rest_route=%2Fwp%2Fv2%2Fmedia&parent=1451"}],"curies":[{"name":"wp","href":"https:\/\/api.w.org\/{rel}","templated":true}]}}