{"id":159,"date":"2010-02-17T14:27:12","date_gmt":"2010-02-17T13:27:12","guid":{"rendered":"https:\/\/www.cschkolin.cz\/?page_id=159"},"modified":"2011-10-10T15:22:28","modified_gmt":"2011-10-10T15:22:28","slug":"vystava-listopad","status":"publish","type":"page","link":"https:\/\/www.cschkolin.cz\/?page_id=159","title":{"rendered":"V\u00fdstava listopad"},"content":{"rendered":"ngg_shortcode_0_placeholder\n<p>Jana Nov\u00e1\u010dkov\u00e1, Martin Smetana<\/p>\n","protected":false},"excerpt":{"rendered":"<p>Jana Nov\u00e1\u010dkov\u00e1, Martin Smetana<\/p>\n","protected":false},"author":1,"featured_media":0,"parent":135,"menu_order":0,"comment_status":"closed","ping_status":"open","template":"","meta":{"ngg_post_thumbnail":0},"_links":{"self":[{"href":"https:\/\/www.cschkolin.cz\/index.php?rest_route=\/wp\/v2\/pages\/159"}],"collection":[{"href":"https:\/\/www.cschkolin.cz\/index.php?rest_route=\/wp\/v2\/pages"}],"about":[{"href":"https:\/\/www.cschkolin.cz\/index.php?rest_route=\/wp\/v2\/types\/page"}],"author":[{"embeddable":true,"href":"https:\/\/www.cschkolin.cz\/index.php?rest_route=\/wp\/v2\/users\/1"}],"replies":[{"embeddable":true,"href":"https:\/\/www.cschkolin.cz\/index.php?rest_route=%2Fwp%2Fv2%2Fcomments&post=159"}],"version-history":[{"count":3,"href":"https:\/\/www.cschkolin.cz\/index.php?rest_route=\/wp\/v2\/pages\/159\/revisions"}],"predecessor-version":[{"id":533,"href":"https:\/\/www.cschkolin.cz\/index.php?rest_route=\/wp\/v2\/pages\/159\/revisions\/533"}],"up":[{"embeddable":true,"href":"https:\/\/www.cschkolin.cz\/index.php?rest_route=\/wp\/v2\/pages\/135"}],"wp:attachment":[{"href":"https:\/\/www.cschkolin.cz\/index.php?rest_route=%2Fwp%2Fv2%2Fmedia&parent=159"}],"curies":[{"name":"wp","href":"https:\/\/api.w.org\/{rel}","templated":true}]}}