{"id":169,"date":"2010-02-17T14:33:27","date_gmt":"2010-02-17T13:33:27","guid":{"rendered":"https:\/\/www.cschkolin.cz\/?page_id=169"},"modified":"2011-10-10T15:22:28","modified_gmt":"2011-10-10T15:22:28","slug":"dalsi-navsteva-u-chovatelu-v-steinheidu","status":"publish","type":"page","link":"https:\/\/www.cschkolin.cz\/?page_id=169","title":{"rendered":"Dal\u0161\u00ed n\u00e1v\u0161t\u011bva u chovatel\u016f v Steinheidu"},"content":{"rendered":"ngg_shortcode_0_placeholder\n<p>Gabriela Pila\u0159ov\u00e1<\/p>\n","protected":false},"excerpt":{"rendered":"<p>Gabriela Pila\u0159ov\u00e1<\/p>\n","protected":false},"author":1,"featured_media":0,"parent":137,"menu_order":0,"comment_status":"closed","ping_status":"open","template":"","meta":{"ngg_post_thumbnail":0},"_links":{"self":[{"href":"https:\/\/www.cschkolin.cz\/index.php?rest_route=\/wp\/v2\/pages\/169"}],"collection":[{"href":"https:\/\/www.cschkolin.cz\/index.php?rest_route=\/wp\/v2\/pages"}],"about":[{"href":"https:\/\/www.cschkolin.cz\/index.php?rest_route=\/wp\/v2\/types\/page"}],"author":[{"embeddable":true,"href":"https:\/\/www.cschkolin.cz\/index.php?rest_route=\/wp\/v2\/users\/1"}],"replies":[{"embeddable":true,"href":"https:\/\/www.cschkolin.cz\/index.php?rest_route=%2Fwp%2Fv2%2Fcomments&post=169"}],"version-history":[{"count":3,"href":"https:\/\/www.cschkolin.cz\/index.php?rest_route=\/wp\/v2\/pages\/169\/revisions"}],"predecessor-version":[{"id":536,"href":"https:\/\/www.cschkolin.cz\/index.php?rest_route=\/wp\/v2\/pages\/169\/revisions\/536"}],"up":[{"embeddable":true,"href":"https:\/\/www.cschkolin.cz\/index.php?rest_route=\/wp\/v2\/pages\/137"}],"wp:attachment":[{"href":"https:\/\/www.cschkolin.cz\/index.php?rest_route=%2Fwp%2Fv2%2Fmedia&parent=169"}],"curies":[{"name":"wp","href":"https:\/\/api.w.org\/{rel}","templated":true}]}}