{"id":175,"date":"2010-02-17T14:36:56","date_gmt":"2010-02-17T13:36:56","guid":{"rendered":"https:\/\/www.cschkolin.cz\/?page_id=175"},"modified":"2011-10-10T15:22:28","modified_gmt":"2011-10-10T15:22:28","slug":"vystava-prosinec","status":"publish","type":"page","link":"https:\/\/www.cschkolin.cz\/?page_id=175","title":{"rendered":"V\u00fdstava prosinec"},"content":{"rendered":"ngg_shortcode_0_placeholder\n<p>Jana Nov\u00e1\u010dkov\u00e1<\/p>\n","protected":false},"excerpt":{"rendered":"<p>Jana Nov\u00e1\u010dkov\u00e1<\/p>\n","protected":false},"author":1,"featured_media":0,"parent":137,"menu_order":0,"comment_status":"closed","ping_status":"open","template":"","meta":{"ngg_post_thumbnail":0},"_links":{"self":[{"href":"https:\/\/www.cschkolin.cz\/index.php?rest_route=\/wp\/v2\/pages\/175"}],"collection":[{"href":"https:\/\/www.cschkolin.cz\/index.php?rest_route=\/wp\/v2\/pages"}],"about":[{"href":"https:\/\/www.cschkolin.cz\/index.php?rest_route=\/wp\/v2\/types\/page"}],"author":[{"embeddable":true,"href":"https:\/\/www.cschkolin.cz\/index.php?rest_route=\/wp\/v2\/users\/1"}],"replies":[{"embeddable":true,"href":"https:\/\/www.cschkolin.cz\/index.php?rest_route=%2Fwp%2Fv2%2Fcomments&post=175"}],"version-history":[{"count":3,"href":"https:\/\/www.cschkolin.cz\/index.php?rest_route=\/wp\/v2\/pages\/175\/revisions"}],"predecessor-version":[{"id":542,"href":"https:\/\/www.cschkolin.cz\/index.php?rest_route=\/wp\/v2\/pages\/175\/revisions\/542"}],"up":[{"embeddable":true,"href":"https:\/\/www.cschkolin.cz\/index.php?rest_route=\/wp\/v2\/pages\/137"}],"wp:attachment":[{"href":"https:\/\/www.cschkolin.cz\/index.php?rest_route=%2Fwp%2Fv2%2Fmedia&parent=175"}],"curies":[{"name":"wp","href":"https:\/\/api.w.org\/{rel}","templated":true}]}}