{"id":1751,"date":"2017-12-17T10:25:36","date_gmt":"2017-12-17T09:25:36","guid":{"rendered":"https:\/\/www.cschkolin.cz\/?page_id=1751"},"modified":"2017-12-17T10:31:09","modified_gmt":"2017-12-17T09:31:09","slug":"okresni-vystava-a-specialky-v-koline","status":"publish","type":"page","link":"https:\/\/www.cschkolin.cz\/?page_id=1751","title":{"rendered":"Okresn\u00ed v\u00fdstava a speci\u00e1lky v Kol\u00edn\u011b"},"content":{"rendered":"ngg_shortcode_0_placeholder\n<p>V&nbsp;sobotu 4.11.2017 se v&nbsp;Kol\u00edn\u011b &#8211; \u0160t\u00edtarech uskute\u010dnila okresn\u00ed v\u00fdstava kr\u00e1l\u00edk\u016f, dr\u016fbe\u017ee, holub\u016f a exotick\u00e9ho ptactva. Z\u00e1rove\u0148 prob\u011bhly speci\u00e1ln\u00ed v\u00fdstavy klub\u016f chovatel\u016f kr\u00e1l\u00edk\u016f japonsk\u00fdch, moravsk\u00fdch b\u00edl\u00fdch hn\u011bdook\u00fdch a zaje\u010d\u00edch. K&nbsp;vid\u011bn\u00ed byla i roz\u0161\u00ed\u0159en\u00e1 expozice \u010desk\u00fdch strak\u00e1\u010d\u016f. V&nbsp;r\u00e1mci klub\u016f chovatel\u016f dr\u016fbe\u017ee prob\u011bhly speci\u00e1ln\u00ed v\u00fdstavy velsumek a vyandotek. U holub\u016f pak&nbsp; klubov\u00e1 v\u00fdstava \u010desk\u00fdch vol\u00e1\u010d\u016f siv\u00fdch.<\/p>\n<p>Celkem bylo p\u0159ihl\u00e1\u0161eno 449 kr\u00e1l\u00edk\u016f, 328 holub\u016f, 231 ks dr\u016fbe\u017ee. Exotick\u00e9 ptactvo bylo prezentov\u00e1no 50 klecemi a 26 voli\u00e9rami. Posuzov\u00e1n\u00ed prob\u011bhlo 3.11.2017. Kr\u00e1l\u00edky posuzovali pod veden\u00edm \u010c.Pozdn\u00edka: D.Caithamlov\u00e1, K.Chadraba, B.Dvo\u0159\u00e1k, Bc.P.Dvo\u0159\u00e1k, Ing.J.Patras, J.He\u0159mansk\u00fd a J.Vlastn\u00edk. Vedouc\u00edm posuzovatel\u016f holub\u016f byl V. Z\u00e1hora, d\u00e1le posuzovali: K.Klepe\u0161ta, J.S\u010debel, A.Straka a Mgr.J.V\u00ed\u0161ek. Dr\u016fbe\u017e pod veden\u00edm J.Bayera posoudili: P.Dvo\u0159\u00e1k,T.Horynka, M. Hradec a &nbsp;J.Nov\u00e1\u010dkov\u00e1.<\/p>\n<p>V&nbsp;horn\u00ed hale uv\u00edtala n\u00e1v\u0161t\u011bvn\u00edky expozice exotick\u00e9ho ptactva dopln\u011bn\u00e1 o drobn\u00e9 hlodavce a akvarijn\u00ed rybky. Sv\u00e1 zv\u00ed\u0159ata p\u0159edvedlo 14 vystavovatel\u016f. Byly ud\u011bleny t\u0159i \u010destn\u00e9 ceny. Na kr\u00e1sn\u00fd p\u00e1r eklektus\u016f r\u016fznobarv\u00fdch z\u00edskal \u010destnou cenu M. Batelka, d\u00e1le byly ocen\u011bny rozely mlad\u00e9ho chovatele J. Ln\u011bni\u010dky a alexand\u0159i velc\u00ed J. Macha. V\u00fdstava exot\u016f byla pro ve\u0159ejnost otev\u0159ena i b\u011bhem&nbsp;ned\u011bln\u00edho trhu.<\/p>\n<p>&nbsp;V\u00fdstava kr\u00e1l\u00edk\u016f p\u0159edstavila plemena: moravsk\u00fd modr\u00fd (\u010d. cenu z\u00edskal S.\u010cerm\u00e1k), velk\u00fd sv\u011btl\u00fd st\u0159\u00edb\u0159it\u00fd (\u010d.ceny: J.\u0160vehl\u00edk, V.Nov\u00e1k), \u010din\u010dily velk\u00e9, v\u00edde\u0148sk\u00fd modr\u00fd (dv\u011b \u0161pi\u010dkov\u00e9 kolekce oc. \u010d. cenou vystavil \u010c.Pozdn\u00edk a jednu R.Dolej\u0161), v\u00edde\u0148sk\u00fd \u010dern\u00fd, v\u00edde\u0148sk\u00fd modro\u0161ed\u00fd, v\u00eddensk\u00fd \u0161ed\u00fd (\u010d.cena: R.Dolej\u0161), \u010desk\u00fd alb\u00edn. D\u00e1le n\u00e1sledovali novoz\u00e9land\u0161t\u00ed \u010derven\u00ed, kolekce novoz\u00e9landsk\u00fdch b\u00edl\u00fdch, kr\u00e1l\u00edci burgund\u0161t\u00ed (\u010d.cena P.Ln\u011bni\u010dka), kun\u00ed velc\u00ed, kaliforn\u0161t\u00ed a duryn\u0161t\u00ed.<\/p>\n<p>V&nbsp;r\u00e1mci speci\u00e1lky japonsk\u00fdch kr\u00e1l\u00edk\u016f bylo dod\u00e1no 49 ks od \u0161esti vystavovatel\u016f, z&nbsp;nich\u017e vynikla p\u0159edev\u0161\u00edm zv\u00ed\u0159ata M.Pfeifera a P.Barton\u011b. Na konci expozice byli k&nbsp;vid\u011bn\u00ed i dva rexi japon\u0161t\u00ed. Expozice kr\u00e1l\u00edk\u016f \u010desk\u00fdch strak\u00e1\u010d\u016f p\u0159edstavila 28 zv\u00ed\u0159at. \u010cS byl vystaven v&nbsp;barv\u011b \u010dern\u00e9, modr\u00e9, \u017elut\u00e9, \u017eelvovinov\u00e9, divok\u00e9, \u017eelezit\u00e9 a \u010derno\u017elut\u00e9 (\u010destn\u00e1 cena L.Hrstka).<\/p>\n<p>V&nbsp;r\u00e1mci speci\u00e1lky moravsk\u00fdch b\u00edl\u00fdch hn\u011bdook\u00fdch bylo p\u0159edstaveno 41 zv\u00ed\u0159at osmi chovatel\u016f. Nejlep\u0161\u00ed zv\u00ed\u0159ata pat\u0159ila M.Zbra\u0148kovi, P.Bi\u010d\u00e1kovi, L.\u0160ujanovi (nejlep\u0161\u00ed 0,1 oc. 95,5 b.), M.Kaiserovi a I.Kargerovi. &nbsp;<\/p>\n<p>Kr\u00e1l\u00edci zaje\u010d\u00ed byli v&nbsp;r\u00e1mci speci\u00e1ln\u00ed v\u00fdstavy nejpo\u010detn\u011bj\u0161\u00ed &#8211; &nbsp;91ks od \u010dtrn\u00e1cti vystavovatel\u016f. Byli k&nbsp;vid\u011bn\u00ed ve zbarven\u00ed divoce ohniv\u00e9m, t\u0159\u00edslov\u011b \u010dern\u00e9m (16) a t\u0159\u00edslov\u011b modr\u00e9m (2). Nejlep\u0161\u00ed kolekci (382b.) p\u0159edvedl \u010c.Pozdn\u00edk, d\u00e1le z\u00edskali \u010d. cenu: J. Petrs\u00edk a M. Kul\u00ed\u0161ek. Na t\u0159\u00edslov\u011b \u010dern\u00e9 z\u00edskal dva poh\u00e1ry J.Matou\u0161ek a na mod\u0159e t\u0159\u00edslov\u00e9 pak J.Petrs\u00edk.<\/p>\n<p>Mal\u00e1 plemena byla zastoupena \u010desk\u00fdmi \u010derven\u00fdmi, holandsk\u00fdmi havanovit\u00fdmi, t\u0159\u00edslov\u00fdmi \u010dern\u00fdmi (\u010d. cena A. Flieger). N\u00e1sledovali \u010dty\u0159i hermel\u00edni modrooc\u00ed, zakrsl\u00ed hotot\u0161t\u00ed b\u00edl\u00ed (\u010d.cena J. Vin\u0161ov\u00e1), z.b\u00edlopes\u00edkat\u00ed \u010dern\u00ed a z.ru\u0161t\u00ed \u010dern\u00ed. Z\u00e1v\u011br expozice kr\u00e1l\u00edk\u016f pat\u0159il kr\u00e1tkosrst\u00fdm plemen\u016fm &#8211; kastorex\u016fm, rex\u016fm \u010din\u010dilov\u00fdm (\u010d.cena K.Chadraba) a \u010din\u010dilov\u00fdm modr\u00fdm, dalmatinsk\u00fdm strak\u00e1\u010d\u016fm \u010dern\u00fdm a \u010derno\u017elut\u00fdm. D\u00e1le byl vystaven rex oran\u017eov\u00fd, rex \u010dern\u00fd a rex kun\u00ed modr\u00fd, zakrsl\u00fd kastorex, zakrsl\u00fd rex oran\u017eov\u00fd, zakrsl\u00fd rex \u010din\u010dilov\u00fd, zakrsl\u00fd rex \u010dern\u00fd (\u010d.cena K.Chadraba) a zakrsl\u00fd dalmatinsk\u00fd strak\u00e1\u010d \u010dern\u00fd. Okresn\u00ed poh\u00e1r na nejlep\u0161\u00ed kolekci kr\u00e1l\u00edk\u016f z\u00edskal \u010cen\u011bk Pozdn\u00edk \u2013 Vm (384b.).<\/p>\n<p>V&nbsp;r\u00e1mci expozice holub\u016f byla vystavena n\u00e1sleduj\u00edc\u00ed plemena: \u0159\u00edman, mond\u00e9n (\u010d.cena na \u010derven\u00e9ho F.Syk\u00e1\u010dek), moravsk\u00fd p\u0161tros (\u010d. ceny z\u00edskal V. Liska na \u010derven\u00e9ho, V. Civ\u00edn na \u017elut\u00e9ho, J. Bene\u0161 na \u010dern\u00e9ho, J. Vr\u00e1na na modr\u00e9ho a K. Chadraba na modr\u00e9ho b\u011blopruh\u00e9ho),&nbsp;pr\u00e1che\u0148sk\u00fd k\u00e1n\u00edk (\u010d.cena na modr\u00e9ho b\u011blopruh\u00e9ho S.Darius), polsk\u00fd rys (\u010d. cena&nbsp; na st\u0159\u00edb\u0159it\u00e9ho \u0161upinat\u00e9ho J. Dastych), kobursk\u00fd sk\u0159ivan, bene\u0161ovsk\u00fd holub, king b\u00edl\u00fd, hesensk\u00fd vol\u00e1\u010d (\u010d.cena&nbsp; \u010dern\u00fd st\u0159\u00edkan\u00fd J. Havrdy), \u010desk\u00fd stav\u00e1k (\u010d. ceny: V. Liska &#8211; \u010derven\u011b sedlat\u00fd a \u017elut\u00fd sedlat\u00fd, M.Calda &#8211; b\u00edl\u00fd a \u010derven\u00fd plam\u00ednek).<\/p>\n<p>Expozice \u010desk\u00fdch vol\u00e1\u010d\u016f siv\u00fdch \u010d\u00edtala 67 ks v&nbsp;\u0161esti kresebn\u00fdch r\u00e1zech. Nejlep\u0161\u00ed zv\u00ed\u0159ata p\u0159edstavili: V.Hole\u010dek \u2013 pruhov\u00fd, J.Mazal \u2013 pruhov\u00fd tmavohrot\u00fd a J.S\u010debel \u2013 kaprat\u00fd. &nbsp;&nbsp;&nbsp;<\/p>\n<p>N\u00e1sledovaly \u010desk\u00e9 \u010dejky rousn\u00e9 ( \u010d.cena J.Tu\u010dek na modr\u00e9 b\u011blopruh\u00e9), \u010d\u00edn\u0161t\u00ed holubi, paruk\u00e1\u0159i, kapuc\u00edni (\u010d.cena na \u017elut\u00e9 J. Havrda), kudrn\u00e1\u010di (\u010d. cena na \u010derven\u00e9ho b\u011blou\u0161e \u2013 J. Havrda) a p\u00e1v\u00edci. V\u00edt\u011bzn\u00fd okresn\u00ed poh\u00e1r z\u00edskal Josef Havrda na kapuc\u00edny. Expozice dr\u016fbe\u017ee zahrnovala 15 ks vodn\u00ed dr\u016fbe\u017ee a 216 ks kura. Z&nbsp;vodn\u00ed dr\u016fbe\u017ee byla nejlep\u0161\u00ed husa \u010desk\u00e1 oc. 98,5 b. vystavovatele O. \u0160\u00e1lka. D\u00e1le byly zastoupeny husy landesk\u00e9, pomo\u0159ansk\u00e9, kachny indi\u010dt\u00ed b\u011b\u017eci, zakrsl\u00e9 kachny b\u00edl\u00e9 a \u010d\u00e1rkovan\u00e9 a pi\u017emovky \u010dern\u011b sedlat\u00e9. Kur dom\u00e1c\u00ed byl v&nbsp;r\u00e1mci okresn\u00ed v\u00fdstavy prezentov\u00e1n plemeny: \u010desk\u00e1 slepice zlat\u011b kropenat\u00e1, minorka, vla\u0161ka, ayam cemani, australka, forverka, hemp\u0161\u00edrka, maranska, plymutka, rodajlendka (\u010d. cenu z\u00edskal L.Nezbeda), sasexka, araukana dz (\u010d.cena 284b.-J. Nov\u00e1\u010dkov\u00e1), zdrobn\u011bl\u00e1 barneveldka (\u010d. cena V. Nov\u00e1k), zdrobn\u011bl\u00e1 hemp\u0161\u00edrka, zdrobn\u011bl\u00e1 plymutka, zdrobn\u011bl\u00e1 holan\u010fanka (\u010d. cena 285 b.- J. Nov\u00e1\u010dkov\u00e1), antverpsk\u00fd vous\u00e1\u010d a bantamka \u010dern\u00e1 (\u010d. cena J. Baka). Okresn\u00ed poh\u00e1r na nejlep\u0161\u00ed kolekci dr\u016fbe\u017ee z\u00edskala Jana Nov\u00e1\u010dkov\u00e1 na zdrobn\u011bl\u00e9 holandsk\u00e9 chocholat\u00e9 slepice.<\/p>\n<p>Speci\u00e1ln\u00ed v\u00fdstava vyandotek zahrnovala 19 velk\u00fdch, ve zbarven\u00ed st\u0159\u00edbrn\u00e9m \u010dern\u011b lemovan\u00e9m, zlat\u00e9m b\u00edle lemovan\u00e9m, zlat\u00e9m \u010dern\u011b lemovan\u00e9m a b\u00edl\u00e9m kolumbijsk\u00e9m, od p\u011bti vystavovatel\u016f. Nejlep\u0161\u00ed kohout b\u00edl\u00fd kolumbijsk\u00fd oc. 95b. pat\u0159il O. \u0160\u00e1lkovi. P\u011bkn\u00e9 kolekce st\u0159\u00edbrn\u00fdch \u010dern\u011b lemovan\u00fdch vystavil M. Robovsk\u00fd (278,5 b.) a J. Nov\u00e1\u010dkov\u00e1 (279,5 b.). Zdrobn\u011bl\u00fdch vyandotek bylo vystaveno 49 ks v&nbsp;osmi barevn\u00fdch r\u00e1zech od sedmi vystavovatel\u016f. Poh\u00e1ry a \u010d. ceny z\u00edskali: J. Pichl a J. Baka na \u010dern\u00e9, J. Pichl na \u010dern\u00e9 b\u00edle skvrnit\u00e9 \u2013 nejlep\u0161\u00ed kolekce 283,5b. a V. Navr\u00e1til na zWst\u0159kvl.&nbsp;<\/p>\n<p>V expozici klubu velsumek byly zastoupeny velsumky velk\u00e9 10 zv\u00ed\u0159aty. Poh\u00e1r z\u00edskaly mod\u0159e rezav\u011b koroptv\u00ed S. Kulandy. Zdrobn\u011bl\u00fdch velsumek bylo prezentov\u00e1no 55 ks od t\u0159in\u00e1cti vystavovatel\u016f. Nejlep\u0161\u00ed rezav\u011b koroptv\u00ed velsumky vystavil P. Kancn\u00fd\u0159, J.V\u011b\u0159\u00ed\u0161 a J. Baka. \u010cestnou cenu obdr\u017eela i st\u0159\u00edbrn\u011b koroptv\u00ed st\u0159\u00edbroprs\u00e1 slepi\u010dka J. Dobrovoln\u00e9ho.<\/p>\n<p>V\u00fdstavy se z\u00fa\u010dastnilo 125 vystavovatel\u016f. Pom\u011brn\u011b dost kvalitn\u00edch zv\u00ed\u0159at bylo prodejn\u00fdch, co\u017e sk\u00fdtalo dobrou p\u0159\u00edle\u017eitost k&nbsp;n\u00e1kupu chovn\u00fdch zv\u00ed\u0159at. Pro \u010dleny klub\u016f zde pak byla p\u0159\u00edle\u017eitost nejen ke zhodnocen\u00ed \u010dinnosti, ale zejm\u00e9na k&nbsp;p\u0159\u00e1telsk\u00fdm posezen\u00edm a setk\u00e1n\u00edm.<\/p>\n<p>B\u011bhem p\u00e1te\u010dn\u00edho posuzov\u00e1n\u00ed v\u00fdstavu tradi\u010dn\u011b nav\u0161t\u00edvily d\u011bti z&nbsp;M\u0160 a Z\u0160 z&nbsp;Kol\u00edna a okol\u00ed. Od pr\u016fvodc\u016f z&nbsp;\u0159ad \u010dlen\u016f ZO se d\u011bti nejen dozv\u011bd\u011bly celou \u0159adu zaj\u00edmav\u00fdch informac\u00ed, ale m\u011bly mo\u017enost si vybran\u00e1 zv\u00ed\u0159ata tak\u00e9 pohladit a zeptat se na v\u0161e, co je zaj\u00edmalo.<\/p>\n<p style=\"text-align: right;\">&nbsp;&nbsp;&nbsp;&nbsp;&nbsp;&nbsp;&nbsp;&nbsp;&nbsp;&nbsp;&nbsp;&nbsp;&nbsp;&nbsp;&nbsp;&nbsp;&nbsp;&nbsp;&nbsp;&nbsp;&nbsp;&nbsp;&nbsp;&nbsp;&nbsp;&nbsp;&nbsp;&nbsp;&nbsp;&nbsp;&nbsp;&nbsp;&nbsp;&nbsp;&nbsp;&nbsp;&nbsp;&nbsp;&nbsp;&nbsp;&nbsp;&nbsp;&nbsp;&nbsp;&nbsp;&nbsp;&nbsp;&nbsp;&nbsp;&nbsp;&nbsp;&nbsp;&nbsp;&nbsp;&nbsp;&nbsp;&nbsp;&nbsp;&nbsp;&nbsp;&nbsp;&nbsp;&nbsp;&nbsp;&nbsp;&nbsp;&nbsp;&nbsp;&nbsp;&nbsp;&nbsp;&nbsp;&nbsp;&nbsp;&nbsp;&nbsp;&nbsp;&nbsp;&nbsp;&nbsp;&nbsp;&nbsp;&nbsp;&nbsp;&nbsp;&nbsp;&nbsp;&nbsp;&nbsp;&nbsp;&nbsp;&nbsp;&nbsp;&nbsp;&nbsp;&nbsp;&nbsp;&nbsp;&nbsp;&nbsp;&nbsp; &nbsp;&nbsp;&nbsp;&nbsp;&nbsp;&nbsp;&nbsp;&nbsp;&nbsp;&nbsp;&nbsp;&nbsp;&nbsp;&nbsp;&nbsp;&nbsp;&nbsp;&nbsp;&nbsp;&nbsp;&nbsp;&nbsp;&nbsp;&nbsp;&nbsp;&nbsp;&nbsp;&nbsp;&nbsp;&nbsp;&nbsp;&nbsp;&nbsp;&nbsp;&nbsp;&nbsp;&nbsp;&nbsp;&nbsp;&nbsp;&nbsp;&nbsp;&nbsp;&nbsp;-nov-<\/p>\n","protected":false},"excerpt":{"rendered":"<p>&#8220; order_by=&#8220;sortorder&#8220; order_direction=&#8220;ASC&#8220; returns=&#8220;included&#8220; maximum_entity_count=&#8220;500&#8243;] V&nbsp;sobotu 4.11.2017 se v&nbsp;Kol\u00edn\u011b &#8211; \u0160t\u00edtarech uskute\u010dnila okresn\u00ed v\u00fdstava kr\u00e1l\u00edk\u016f, dr\u016fbe\u017ee, holub\u016f a exotick\u00e9ho ptactva. Z\u00e1rove\u0148 prob\u011bhly speci\u00e1ln\u00ed v\u00fdstavy klub\u016f chovatel\u016f kr\u00e1l\u00edk\u016f japonsk\u00fdch, moravsk\u00fdch b\u00edl\u00fdch hn\u011bdook\u00fdch a zaje\u010d\u00edch. K&nbsp;vid\u011bn\u00ed byla i roz\u0161\u00ed\u0159en\u00e1 expozice \u010desk\u00fdch strak\u00e1\u010d\u016f. V&nbsp;r\u00e1mci klub\u016f chovatel\u016f dr\u016fbe\u017ee prob\u011bhly speci\u00e1ln\u00ed v\u00fdstavy velsumek a vyandotek. U holub\u016f pak&nbsp; klubov\u00e1 v\u00fdstava &hellip; <\/p>\n<p><a class=\"more-link block-button\" href=\"https:\/\/www.cschkolin.cz\/?page_id=1751\">Pokra\u010dovat ve \u010dten\u00ed &raquo;<\/a><\/p>\n","protected":false},"author":1,"featured_media":0,"parent":1710,"menu_order":0,"comment_status":"closed","ping_status":"closed","template":"","meta":{"ngg_post_thumbnail":0},"_links":{"self":[{"href":"https:\/\/www.cschkolin.cz\/index.php?rest_route=\/wp\/v2\/pages\/1751"}],"collection":[{"href":"https:\/\/www.cschkolin.cz\/index.php?rest_route=\/wp\/v2\/pages"}],"about":[{"href":"https:\/\/www.cschkolin.cz\/index.php?rest_route=\/wp\/v2\/types\/page"}],"author":[{"embeddable":true,"href":"https:\/\/www.cschkolin.cz\/index.php?rest_route=\/wp\/v2\/users\/1"}],"replies":[{"embeddable":true,"href":"https:\/\/www.cschkolin.cz\/index.php?rest_route=%2Fwp%2Fv2%2Fcomments&post=1751"}],"version-history":[{"count":5,"href":"https:\/\/www.cschkolin.cz\/index.php?rest_route=\/wp\/v2\/pages\/1751\/revisions"}],"predecessor-version":[{"id":1778,"href":"https:\/\/www.cschkolin.cz\/index.php?rest_route=\/wp\/v2\/pages\/1751\/revisions\/1778"}],"up":[{"embeddable":true,"href":"https:\/\/www.cschkolin.cz\/index.php?rest_route=\/wp\/v2\/pages\/1710"}],"wp:attachment":[{"href":"https:\/\/www.cschkolin.cz\/index.php?rest_route=%2Fwp%2Fv2%2Fmedia&parent=1751"}],"curies":[{"name":"wp","href":"https:\/\/api.w.org\/{rel}","templated":true}]}}