{"id":2,"date":"2009-11-06T11:09:43","date_gmt":"2009-11-06T10:09:43","guid":{"rendered":"https:\/\/www.cschkolin.cz\/?page_id=2"},"modified":"2022-01-06T22:47:27","modified_gmt":"2022-01-06T21:47:27","slug":"neco-o-me","status":"publish","type":"page","link":"https:\/\/www.cschkolin.cz\/?page_id=2","title":{"rendered":"O n\u00e1s"},"content":{"rendered":"<h2 style=\"text-align: center;\">Zalo\u017een\u00ed spolku &#8211; jak to v\u0161e za\u010dalo<\/h2>\n<p>Prvn\u00ed kr\u00e1l\u00edk\u00e1\u0159sk\u00fd spolek v \u010cech\u00e1ch byl zalo\u017een v Kol\u00edn\u011b v roce 1877. Tento spolek sdru\u017eoval kr\u00e1l\u00edk\u00e1\u0159e z cel\u00fdch \u010cech. Roku <strong>1912<\/strong> byl zalo\u017een spolek v r\u00e1mci okresu. Probl\u00e9m p\u0159i sh\u00e1n\u011bn\u00ed zv\u00ed\u0159at do chovu byl \u0159e\u0161en na setk\u00e1n\u00edch, kde si chovatel\u00e9 zv\u00ed\u0159ata mezi sebou vym\u011b\u0148ovali. Tyto v\u00fdm\u011bny zv\u00ed\u0159at daly prvn\u00ed z\u00e1klady pozd\u011bj\u0161\u00edm tradi\u010dn\u00edm trh\u016fm. Kol\u00ednsk\u00fd spolek byl v cel\u00e9m kraji velmi obl\u00edben a to hlavn\u011b proto, \u017ee pom\u00e1hal nov\u011b se rod\u00edc\u00edm spolk\u016fm darov\u00e1n\u00edm zv\u00ed\u0159at. Po n\u011bkolika st\u011bhov\u00e1n\u00edch spolek zakotvil ve \u0160t\u00edtarech, kde v&nbsp;roce 1981 za\u010dal budovat sv\u016fj chovatelsk\u00fd are\u00e1l.<\/p>\n<p>Jako prvn\u00ed se za\u010dala stav\u011bt spole\u010densk\u00e1 budova, n\u00e1sledovala oprava mal\u00e9 v\u00fdstavn\u00ed haly zvan\u00e9 \u201eMikulka\u201c. Po jej\u00ed oprav\u011b se zjistilo, \u017ee pro v\u00fdstavnictv\u00ed v&nbsp;Kol\u00edn\u011b je to p\u0159\u00edli\u0161 mal\u00e1 hala a tak se za\u010dalo s&nbsp;projektov\u00e1n\u00edm a sh\u00e1n\u011bn\u00edm montovan\u00e9 velk\u00e9 haly. V\u00fdstavba haly za\u010dala na ja\u0159e v&nbsp;roce 1989. V&nbsp;pr\u016fb\u011bhu tohoto roku se ve\u0161ker\u00fd invent\u00e1\u0159 st\u011bhuje z \u201eRychty\u201c do \u0160t\u00edtar a p\u0159ipravuje se otev\u0159en\u00ed nov\u00e9ho are\u00e1lu.<\/p>\n<p><strong>Prvn\u00ed trh se konal 14. ledna 1990<\/strong>. P\u0159ekvapen\u00edm byla velk\u00e1 \u00fa\u010dast n\u00e1v\u0161t\u011bvn\u00edk\u016f a prodejc\u016f. To byl hlavn\u00ed podn\u011bt k&nbsp;tomu, abychom co nejd\u0159\u00edve dokon\u010dili v\u00fdstavbu velk\u00e9 haly. Tak\u017ee cel\u00fd rok 1990 byl ve znamen\u00ed budov\u00e1n\u00ed a v&nbsp;<strong>prosinci roku 1990 je velk\u00e1 hala zkolaudov\u00e1na. <\/strong><\/p>\n<p>Ji\u017e v&nbsp;<strong>lednu 1991 se zde kon\u00e1<\/strong> <strong>Okresn\u00ed v\u00fdstava kr\u00e1l\u00edk\u016f, holub\u016f a dr\u016fbe\u017ee<\/strong>, kter\u00e1 m\u011bla velk\u00fd \u00fasp\u011bch. V\u00fdstavu nav\u0161t\u00edvilo 1363 n\u00e1v\u0161t\u011bvn\u00edk\u016f a <strong>to byl za\u010d\u00e1tek na\u0161eho v\u00fdstavnictv\u00ed a kon\u00e1n\u00ed tradi\u010dn\u00edch ned\u011bln\u00edch trh\u016f v&nbsp;chovatelsk\u00e9m are\u00e1lu ve \u0160t\u00edtarech.<\/strong><\/p>\n<p>V&nbsp;roce 2006 byla nav\u00e1z\u00e1na spolupr\u00e1ce se spolkem chovatel\u016f z&nbsp;N\u011bmecka, spolkov\u00e9 zem\u011b Durynsko \u2013 vesnice Steinheid, kter\u00e1 le\u017e\u00ed nedaleko m\u011bsta Sonneberg ve v\u00fd\u0161ce 868 m.n.m. Spolek m\u00e1 kolem 80 \u010dlen\u016f.<\/p>\n","protected":false},"excerpt":{"rendered":"<p>Zalo\u017een\u00ed spolku &#8211; jak to v\u0161e za\u010dalo Prvn\u00ed kr\u00e1l\u00edk\u00e1\u0159sk\u00fd spolek v \u010cech\u00e1ch byl zalo\u017een v Kol\u00edn\u011b v roce 1877. Tento spolek sdru\u017eoval kr\u00e1l\u00edk\u00e1\u0159e z cel\u00fdch \u010cech. Roku 1912 byl zalo\u017een spolek v r\u00e1mci okresu. Probl\u00e9m p\u0159i sh\u00e1n\u011bn\u00ed zv\u00ed\u0159at do chovu byl \u0159e\u0161en na setk\u00e1n\u00edch, kde si chovatel\u00e9 zv\u00ed\u0159ata mezi sebou vym\u011b\u0148ovali. Tyto v\u00fdm\u011bny zv\u00ed\u0159at daly &hellip; <\/p>\n<p><a class=\"more-link block-button\" href=\"https:\/\/www.cschkolin.cz\/?page_id=2\">Pokra\u010dovat ve \u010dten\u00ed &raquo;<\/a><\/p>\n","protected":false},"author":1,"featured_media":0,"parent":0,"menu_order":1,"comment_status":"closed","ping_status":"closed","template":"","meta":{"ngg_post_thumbnail":0},"_links":{"self":[{"href":"https:\/\/www.cschkolin.cz\/index.php?rest_route=\/wp\/v2\/pages\/2"}],"collection":[{"href":"https:\/\/www.cschkolin.cz\/index.php?rest_route=\/wp\/v2\/pages"}],"about":[{"href":"https:\/\/www.cschkolin.cz\/index.php?rest_route=\/wp\/v2\/types\/page"}],"author":[{"embeddable":true,"href":"https:\/\/www.cschkolin.cz\/index.php?rest_route=\/wp\/v2\/users\/1"}],"replies":[{"embeddable":true,"href":"https:\/\/www.cschkolin.cz\/index.php?rest_route=%2Fwp%2Fv2%2Fcomments&post=2"}],"version-history":[{"count":11,"href":"https:\/\/www.cschkolin.cz\/index.php?rest_route=\/wp\/v2\/pages\/2\/revisions"}],"predecessor-version":[{"id":2404,"href":"https:\/\/www.cschkolin.cz\/index.php?rest_route=\/wp\/v2\/pages\/2\/revisions\/2404"}],"wp:attachment":[{"href":"https:\/\/www.cschkolin.cz\/index.php?rest_route=%2Fwp%2Fv2%2Fmedia&parent=2"}],"curies":[{"name":"wp","href":"https:\/\/api.w.org\/{rel}","templated":true}]}}