{"id":2183,"date":"2020-04-17T20:53:21","date_gmt":"2020-04-17T18:53:21","guid":{"rendered":"https:\/\/www.cschkolin.cz\/?page_id=2183"},"modified":"2020-04-17T20:53:21","modified_gmt":"2020-04-17T18:53:21","slug":"2183-2","status":"publish","type":"page","link":"https:\/\/www.cschkolin.cz\/?page_id=2183","title":{"rendered":""},"content":{"rendered":"<h1 align=\"center\"><em><div class=\"important_block\">V\u00edtejte na na\u0161ich internetov\u00fdch str\u00e1nk\u00e1ch.<\/em> <\/div><\/h1>\n<h1 align=\"center\"><em>Vstupn\u00e9 &#8211; od 1. 7. 2018 se upravuje cena vstupn\u00e9ho<\/em><\/h1>\n<h1 align=\"center\"><em>na ned\u011bln\u00ed trhy ZO \u010cSCH Kol\u00edn na 10,- K\u010d\/osobu.<\/em><\/h1>\n<h1 align=\"center\"><em>D\u011bti do 15 let maj\u00ed vstupn\u00e9 zdarma.<\/em><\/h1>\n","protected":false},"excerpt":{"rendered":"<p>Vstupn\u00e9 &#8211; od 1. 7. 2018 se upravuje cena vstupn\u00e9ho na ned\u011bln\u00ed trhy ZO \u010cSCH Kol\u00edn na 10,- K\u010d\/osobu. D\u011bti do 15 let maj\u00ed vstupn\u00e9 zdarma.<\/p>\n","protected":false},"author":1,"featured_media":0,"parent":0,"menu_order":0,"comment_status":"closed","ping_status":"closed","template":"","meta":{"ngg_post_thumbnail":0},"_links":{"self":[{"href":"https:\/\/www.cschkolin.cz\/index.php?rest_route=\/wp\/v2\/pages\/2183"}],"collection":[{"href":"https:\/\/www.cschkolin.cz\/index.php?rest_route=\/wp\/v2\/pages"}],"about":[{"href":"https:\/\/www.cschkolin.cz\/index.php?rest_route=\/wp\/v2\/types\/page"}],"author":[{"embeddable":true,"href":"https:\/\/www.cschkolin.cz\/index.php?rest_route=\/wp\/v2\/users\/1"}],"replies":[{"embeddable":true,"href":"https:\/\/www.cschkolin.cz\/index.php?rest_route=%2Fwp%2Fv2%2Fcomments&post=2183"}],"version-history":[{"count":1,"href":"https:\/\/www.cschkolin.cz\/index.php?rest_route=\/wp\/v2\/pages\/2183\/revisions"}],"predecessor-version":[{"id":2184,"href":"https:\/\/www.cschkolin.cz\/index.php?rest_route=\/wp\/v2\/pages\/2183\/revisions\/2184"}],"wp:attachment":[{"href":"https:\/\/www.cschkolin.cz\/index.php?rest_route=%2Fwp%2Fv2%2Fmedia&parent=2183"}],"curies":[{"name":"wp","href":"https:\/\/api.w.org\/{rel}","templated":true}]}}