{"id":2340,"date":"2021-12-31T18:50:45","date_gmt":"2021-12-31T17:50:45","guid":{"rendered":"https:\/\/www.cschkolin.cz\/?page_id=2340"},"modified":"2024-10-14T19:56:20","modified_gmt":"2024-10-14T17:56:20","slug":"trzni-rad-2","status":"publish","type":"page","link":"https:\/\/www.cschkolin.cz\/?page_id=2340","title":{"rendered":"Tr\u017en\u00ed \u0159\u00e1d"},"content":{"rendered":"\n<p><\/p>\n\n\n\n<p><a href=\"https:\/\/www.cschkolin.cz\/wp-content\/uploads\/2021\/12\/trzni-rad-2022-str.-1-sloucen.pdf\">Tr\u017en\u00ed \u0159\u00e1d 2022<\/a><\/p>\n<p><a href=\"https:\/\/www.cschkolin.cz\/wp-content\/uploads\/2024\/10\/Organizacni_rad_ZO_CSCH_Kolin.pdf\" data-wplink-edit=\"true\">Organiza\u010dn\u00ed \u0159\u00e1d ZO \u010cSCH Kol\u00edn<\/a><\/p>\n","protected":false},"excerpt":{"rendered":"<p>Tr\u017en\u00ed \u0159\u00e1d 2022 Organiza\u010dn\u00ed \u0159\u00e1d ZO \u010cSCH Kol\u00edn<\/p>\n","protected":false},"author":1,"featured_media":0,"parent":584,"menu_order":0,"comment_status":"closed","ping_status":"closed","template":"","meta":{"ngg_post_thumbnail":0},"_links":{"self":[{"href":"https:\/\/www.cschkolin.cz\/index.php?rest_route=\/wp\/v2\/pages\/2340"}],"collection":[{"href":"https:\/\/www.cschkolin.cz\/index.php?rest_route=\/wp\/v2\/pages"}],"about":[{"href":"https:\/\/www.cschkolin.cz\/index.php?rest_route=\/wp\/v2\/types\/page"}],"author":[{"embeddable":true,"href":"https:\/\/www.cschkolin.cz\/index.php?rest_route=\/wp\/v2\/users\/1"}],"replies":[{"embeddable":true,"href":"https:\/\/www.cschkolin.cz\/index.php?rest_route=%2Fwp%2Fv2%2Fcomments&post=2340"}],"version-history":[{"count":5,"href":"https:\/\/www.cschkolin.cz\/index.php?rest_route=\/wp\/v2\/pages\/2340\/revisions"}],"predecessor-version":[{"id":3000,"href":"https:\/\/www.cschkolin.cz\/index.php?rest_route=\/wp\/v2\/pages\/2340\/revisions\/3000"}],"up":[{"embeddable":true,"href":"https:\/\/www.cschkolin.cz\/index.php?rest_route=\/wp\/v2\/pages\/584"}],"wp:attachment":[{"href":"https:\/\/www.cschkolin.cz\/index.php?rest_route=%2Fwp%2Fv2%2Fmedia&parent=2340"}],"curies":[{"name":"wp","href":"https:\/\/api.w.org\/{rel}","templated":true}]}}