{"id":2356,"date":"2021-12-31T20:26:43","date_gmt":"2021-12-31T19:26:43","guid":{"rendered":"https:\/\/www.cschkolin.cz\/?page_id=2356"},"modified":"2021-12-31T20:35:15","modified_gmt":"2021-12-31T19:35:15","slug":"stolni-bodovani-kraliku","status":"publish","type":"page","link":"https:\/\/www.cschkolin.cz\/?page_id=2356","title":{"rendered":"Stoln\u00ed bodov\u00e1n\u00ed kr\u00e1l\u00edk\u016f"},"content":{"rendered":"\n<p><a href=\"https:\/\/www.cschkolin.cz\/wp-content\/uploads\/2021\/12\/03.jpeg\"><img decoding=\"async\" loading=\"lazy\" class=\"aligncenter wp-image-2360 size-large\" src=\"https:\/\/www.cschkolin.cz\/wp-content\/uploads\/2021\/12\/03-768x1024.jpeg\" alt=\"\" width=\"590\" height=\"787\" srcset=\"https:\/\/www.cschkolin.cz\/wp-content\/uploads\/2021\/12\/03-768x1024.jpeg 768w, https:\/\/www.cschkolin.cz\/wp-content\/uploads\/2021\/12\/03-225x300.jpeg 225w, https:\/\/www.cschkolin.cz\/wp-content\/uploads\/2021\/12\/03-1152x1536.jpeg 1152w, https:\/\/www.cschkolin.cz\/wp-content\/uploads\/2021\/12\/03.jpeg 1536w\" sizes=\"(max-width: 590px) 100vw, 590px\" \/><\/a><\/p>\n<p><a href=\"https:\/\/www.cschkolin.cz\/wp-content\/uploads\/2021\/12\/01.jpeg\"><img decoding=\"async\" loading=\"lazy\" class=\"aligncenter wp-image-2358 size-large\" src=\"https:\/\/www.cschkolin.cz\/wp-content\/uploads\/2021\/12\/01-1024x768.jpeg\" alt=\"\" width=\"590\" height=\"443\" srcset=\"https:\/\/www.cschkolin.cz\/wp-content\/uploads\/2021\/12\/01-1024x768.jpeg 1024w, https:\/\/www.cschkolin.cz\/wp-content\/uploads\/2021\/12\/01-300x225.jpeg 300w, https:\/\/www.cschkolin.cz\/wp-content\/uploads\/2021\/12\/01-768x576.jpeg 768w, https:\/\/www.cschkolin.cz\/wp-content\/uploads\/2021\/12\/01-1536x1152.jpeg 1536w, https:\/\/www.cschkolin.cz\/wp-content\/uploads\/2021\/12\/01.jpeg 2048w\" sizes=\"(max-width: 590px) 100vw, 590px\" \/><\/a><a href=\"https:\/\/www.cschkolin.cz\/wp-content\/uploads\/2021\/12\/02.jpeg\"><img decoding=\"async\" loading=\"lazy\" class=\"aligncenter wp-image-2359 size-large\" src=\"https:\/\/www.cschkolin.cz\/wp-content\/uploads\/2021\/12\/02-1024x768.jpeg\" alt=\"\" width=\"590\" height=\"443\" srcset=\"https:\/\/www.cschkolin.cz\/wp-content\/uploads\/2021\/12\/02-1024x768.jpeg 1024w, https:\/\/www.cschkolin.cz\/wp-content\/uploads\/2021\/12\/02-300x225.jpeg 300w, https:\/\/www.cschkolin.cz\/wp-content\/uploads\/2021\/12\/02-768x576.jpeg 768w, https:\/\/www.cschkolin.cz\/wp-content\/uploads\/2021\/12\/02-1536x1152.jpeg 1536w, https:\/\/www.cschkolin.cz\/wp-content\/uploads\/2021\/12\/02.jpeg 2048w\" sizes=\"(max-width: 590px) 100vw, 590px\" \/><\/a><\/p>\n<p><a href=\"https:\/\/www.cschkolin.cz\/wp-content\/uploads\/2021\/12\/04.jpeg\"><img decoding=\"async\" loading=\"lazy\" class=\"aligncenter wp-image-2361 size-large\" src=\"https:\/\/www.cschkolin.cz\/wp-content\/uploads\/2021\/12\/04-1024x768.jpeg\" alt=\"\" width=\"590\" height=\"443\" srcset=\"https:\/\/www.cschkolin.cz\/wp-content\/uploads\/2021\/12\/04-1024x768.jpeg 1024w, https:\/\/www.cschkolin.cz\/wp-content\/uploads\/2021\/12\/04-300x225.jpeg 300w, https:\/\/www.cschkolin.cz\/wp-content\/uploads\/2021\/12\/04-768x576.jpeg 768w, https:\/\/www.cschkolin.cz\/wp-content\/uploads\/2021\/12\/04-1536x1152.jpeg 1536w, https:\/\/www.cschkolin.cz\/wp-content\/uploads\/2021\/12\/04.jpeg 2048w\" sizes=\"(max-width: 590px) 100vw, 590px\" \/><\/a><\/p>\n","protected":false},"excerpt":{"rendered":"","protected":false},"author":1,"featured_media":0,"parent":2354,"menu_order":0,"comment_status":"closed","ping_status":"closed","template":"","meta":{"ngg_post_thumbnail":0},"_links":{"self":[{"href":"https:\/\/www.cschkolin.cz\/index.php?rest_route=\/wp\/v2\/pages\/2356"}],"collection":[{"href":"https:\/\/www.cschkolin.cz\/index.php?rest_route=\/wp\/v2\/pages"}],"about":[{"href":"https:\/\/www.cschkolin.cz\/index.php?rest_route=\/wp\/v2\/types\/page"}],"author":[{"embeddable":true,"href":"https:\/\/www.cschkolin.cz\/index.php?rest_route=\/wp\/v2\/users\/1"}],"replies":[{"embeddable":true,"href":"https:\/\/www.cschkolin.cz\/index.php?rest_route=%2Fwp%2Fv2%2Fcomments&post=2356"}],"version-history":[{"count":2,"href":"https:\/\/www.cschkolin.cz\/index.php?rest_route=\/wp\/v2\/pages\/2356\/revisions"}],"predecessor-version":[{"id":2363,"href":"https:\/\/www.cschkolin.cz\/index.php?rest_route=\/wp\/v2\/pages\/2356\/revisions\/2363"}],"up":[{"embeddable":true,"href":"https:\/\/www.cschkolin.cz\/index.php?rest_route=\/wp\/v2\/pages\/2354"}],"wp:attachment":[{"href":"https:\/\/www.cschkolin.cz\/index.php?rest_route=%2Fwp%2Fv2%2Fmedia&parent=2356"}],"curies":[{"name":"wp","href":"https:\/\/api.w.org\/{rel}","templated":true}]}}