{"id":2376,"date":"2022-01-05T19:43:11","date_gmt":"2022-01-05T18:43:11","guid":{"rendered":"https:\/\/www.cschkolin.cz\/?page_id=2376"},"modified":"2022-01-06T22:35:34","modified_gmt":"2022-01-06T21:35:34","slug":"okresni-vystava-v-koline-6-a-7-11-2021","status":"publish","type":"page","link":"https:\/\/www.cschkolin.cz\/?page_id=2376","title":{"rendered":"Okresn\u00ed v\u00fdstava v Kol\u00edn\u011b 6. a 7. 11. 2021"},"content":{"rendered":"\n<p>&nbsp;<\/p>\n<p><a href=\"https:\/\/www.cschkolin.cz\/wp-content\/uploads\/2022\/01\/08.jpeg\"><img decoding=\"async\" loading=\"lazy\" class=\"aligncenter size-large wp-image-2393\" src=\"https:\/\/www.cschkolin.cz\/wp-content\/uploads\/2022\/01\/08-1024x691.jpeg\" alt=\"\" width=\"590\" height=\"398\" srcset=\"https:\/\/www.cschkolin.cz\/wp-content\/uploads\/2022\/01\/08-1024x691.jpeg 1024w, https:\/\/www.cschkolin.cz\/wp-content\/uploads\/2022\/01\/08-300x202.jpeg 300w, https:\/\/www.cschkolin.cz\/wp-content\/uploads\/2022\/01\/08-768x518.jpeg 768w, https:\/\/www.cschkolin.cz\/wp-content\/uploads\/2022\/01\/08-1536x1037.jpeg 1536w, https:\/\/www.cschkolin.cz\/wp-content\/uploads\/2022\/01\/08.jpeg 1999w\" sizes=\"(max-width: 590px) 100vw, 590px\" \/><\/a><\/p>\n<p><a href=\"https:\/\/www.cschkolin.cz\/wp-content\/uploads\/2022\/01\/07.jpeg\"><img decoding=\"async\" loading=\"lazy\" class=\"aligncenter size-large wp-image-2392\" src=\"https:\/\/www.cschkolin.cz\/wp-content\/uploads\/2022\/01\/07-1018x1024.jpeg\" alt=\"\" width=\"590\" height=\"593\" srcset=\"https:\/\/www.cschkolin.cz\/wp-content\/uploads\/2022\/01\/07-1018x1024.jpeg 1018w, https:\/\/www.cschkolin.cz\/wp-content\/uploads\/2022\/01\/07-298x300.jpeg 298w, https:\/\/www.cschkolin.cz\/wp-content\/uploads\/2022\/01\/07-150x150.jpeg 150w, https:\/\/www.cschkolin.cz\/wp-content\/uploads\/2022\/01\/07-768x773.jpeg 768w, https:\/\/www.cschkolin.cz\/wp-content\/uploads\/2022\/01\/07.jpeg 1499w\" sizes=\"(max-width: 590px) 100vw, 590px\" \/><\/a><\/p>\n<p><a href=\"https:\/\/www.cschkolin.cz\/wp-content\/uploads\/2022\/01\/Foto_2.jpeg\"><img decoding=\"async\" loading=\"lazy\" class=\"aligncenter size-large wp-image-2381\" src=\"https:\/\/www.cschkolin.cz\/wp-content\/uploads\/2022\/01\/Foto_2-850x1024.jpeg\" alt=\"\" width=\"590\" height=\"711\" srcset=\"https:\/\/www.cschkolin.cz\/wp-content\/uploads\/2022\/01\/Foto_2-850x1024.jpeg 850w, https:\/\/www.cschkolin.cz\/wp-content\/uploads\/2022\/01\/Foto_2-249x300.jpeg 249w, https:\/\/www.cschkolin.cz\/wp-content\/uploads\/2022\/01\/Foto_2-768x926.jpeg 768w, https:\/\/www.cschkolin.cz\/wp-content\/uploads\/2022\/01\/Foto_2.jpeg 1019w\" sizes=\"(max-width: 590px) 100vw, 590px\" \/><\/a><\/p>\n<p><a href=\"https:\/\/www.cschkolin.cz\/wp-content\/uploads\/2022\/01\/Foto_3.jpeg\"><img decoding=\"async\" loading=\"lazy\" class=\"aligncenter  wp-image-2382\" src=\"https:\/\/www.cschkolin.cz\/wp-content\/uploads\/2022\/01\/Foto_3.jpeg\" alt=\"\" width=\"590\" height=\"694\" srcset=\"https:\/\/www.cschkolin.cz\/wp-content\/uploads\/2022\/01\/Foto_3.jpeg 871w, https:\/\/www.cschkolin.cz\/wp-content\/uploads\/2022\/01\/Foto_3-255x300.jpeg 255w, https:\/\/www.cschkolin.cz\/wp-content\/uploads\/2022\/01\/Foto_3-768x902.jpeg 768w\" sizes=\"(max-width: 590px) 100vw, 590px\" \/><\/a><\/p>\n<p><a href=\"https:\/\/www.cschkolin.cz\/wp-content\/uploads\/2022\/01\/10.jpeg\"><img decoding=\"async\" loading=\"lazy\" class=\"aligncenter size-large wp-image-2379\" src=\"https:\/\/www.cschkolin.cz\/wp-content\/uploads\/2022\/01\/10-1024x873.jpeg\" alt=\"\" width=\"590\" height=\"503\" srcset=\"https:\/\/www.cschkolin.cz\/wp-content\/uploads\/2022\/01\/10-1024x873.jpeg 1024w, https:\/\/www.cschkolin.cz\/wp-content\/uploads\/2022\/01\/10-300x256.jpeg 300w, https:\/\/www.cschkolin.cz\/wp-content\/uploads\/2022\/01\/10-768x655.jpeg 768w, https:\/\/www.cschkolin.cz\/wp-content\/uploads\/2022\/01\/10.jpeg 1200w\" sizes=\"(max-width: 590px) 100vw, 590px\" \/><\/a><\/p>\n<p><a href=\"https:\/\/www.cschkolin.cz\/wp-content\/uploads\/2022\/01\/04.jpeg\"><img decoding=\"async\" loading=\"lazy\" class=\"aligncenter size-large wp-image-2389\" src=\"https:\/\/www.cschkolin.cz\/wp-content\/uploads\/2022\/01\/04-1011x1024.jpeg\" alt=\"\" width=\"590\" height=\"598\" srcset=\"https:\/\/www.cschkolin.cz\/wp-content\/uploads\/2022\/01\/04-1011x1024.jpeg 1011w, https:\/\/www.cschkolin.cz\/wp-content\/uploads\/2022\/01\/04-296x300.jpeg 296w, https:\/\/www.cschkolin.cz\/wp-content\/uploads\/2022\/01\/04-768x778.jpeg 768w, https:\/\/www.cschkolin.cz\/wp-content\/uploads\/2022\/01\/04.jpeg 1500w\" sizes=\"(max-width: 590px) 100vw, 590px\" \/><\/a><\/p>\n<p><a href=\"https:\/\/www.cschkolin.cz\/wp-content\/uploads\/2022\/01\/06.jpeg\"><img decoding=\"async\" loading=\"lazy\" class=\"aligncenter size-large wp-image-2391\" src=\"https:\/\/www.cschkolin.cz\/wp-content\/uploads\/2022\/01\/06-992x1024.jpeg\" alt=\"\" width=\"590\" height=\"609\" srcset=\"https:\/\/www.cschkolin.cz\/wp-content\/uploads\/2022\/01\/06-992x1024.jpeg 992w, https:\/\/www.cschkolin.cz\/wp-content\/uploads\/2022\/01\/06-291x300.jpeg 291w, https:\/\/www.cschkolin.cz\/wp-content\/uploads\/2022\/01\/06-768x793.jpeg 768w, https:\/\/www.cschkolin.cz\/wp-content\/uploads\/2022\/01\/06.jpeg 1453w\" sizes=\"(max-width: 590px) 100vw, 590px\" \/><\/a><\/p>\n<p><a href=\"https:\/\/www.cschkolin.cz\/wp-content\/uploads\/2022\/01\/05.jpeg\"><img decoding=\"async\" loading=\"lazy\" class=\"aligncenter size-large wp-image-2390\" src=\"https:\/\/www.cschkolin.cz\/wp-content\/uploads\/2022\/01\/05-1024x979.jpeg\" alt=\"\" width=\"590\" height=\"564\" srcset=\"https:\/\/www.cschkolin.cz\/wp-content\/uploads\/2022\/01\/05-1024x979.jpeg 1024w, https:\/\/www.cschkolin.cz\/wp-content\/uploads\/2022\/01\/05-300x287.jpeg 300w, https:\/\/www.cschkolin.cz\/wp-content\/uploads\/2022\/01\/05-768x734.jpeg 768w, https:\/\/www.cschkolin.cz\/wp-content\/uploads\/2022\/01\/05.jpeg 1500w\" sizes=\"(max-width: 590px) 100vw, 590px\" \/><\/a><\/p>\n<p><a href=\"https:\/\/www.cschkolin.cz\/wp-content\/uploads\/2022\/01\/03.jpeg\"><img decoding=\"async\" loading=\"lazy\" class=\"aligncenter size-large wp-image-2388\" src=\"https:\/\/www.cschkolin.cz\/wp-content\/uploads\/2022\/01\/03-929x1024.jpeg\" alt=\"\" width=\"590\" height=\"650\" srcset=\"https:\/\/www.cschkolin.cz\/wp-content\/uploads\/2022\/01\/03-929x1024.jpeg 929w, https:\/\/www.cschkolin.cz\/wp-content\/uploads\/2022\/01\/03-272x300.jpeg 272w, https:\/\/www.cschkolin.cz\/wp-content\/uploads\/2022\/01\/03-768x847.jpeg 768w, https:\/\/www.cschkolin.cz\/wp-content\/uploads\/2022\/01\/03.jpeg 1333w\" sizes=\"(max-width: 590px) 100vw, 590px\" \/><\/a><a href=\"https:\/\/www.cschkolin.cz\/wp-content\/uploads\/2022\/01\/Foto_6.jpeg\"><img decoding=\"async\" loading=\"lazy\" class=\"aligncenter size-large wp-image-2385\" src=\"https:\/\/www.cschkolin.cz\/wp-content\/uploads\/2022\/01\/Foto_6-765x1024.jpeg\" alt=\"\" width=\"590\" height=\"790\" srcset=\"https:\/\/www.cschkolin.cz\/wp-content\/uploads\/2022\/01\/Foto_6-765x1024.jpeg 765w, https:\/\/www.cschkolin.cz\/wp-content\/uploads\/2022\/01\/Foto_6-224x300.jpeg 224w, https:\/\/www.cschkolin.cz\/wp-content\/uploads\/2022\/01\/Foto_6-768x1028.jpeg 768w, https:\/\/www.cschkolin.cz\/wp-content\/uploads\/2022\/01\/Foto_6.jpeg 946w\" sizes=\"(max-width: 590px) 100vw, 590px\" \/><\/a><a href=\"https:\/\/www.cschkolin.cz\/wp-content\/uploads\/2022\/01\/Foto_1.jpeg\"><img decoding=\"async\" loading=\"lazy\" class=\"aligncenter size-large wp-image-2380\" src=\"https:\/\/www.cschkolin.cz\/wp-content\/uploads\/2022\/01\/Foto_1-1024x747.jpeg\" alt=\"\" width=\"590\" height=\"430\" srcset=\"https:\/\/www.cschkolin.cz\/wp-content\/uploads\/2022\/01\/Foto_1-1024x747.jpeg 1024w, https:\/\/www.cschkolin.cz\/wp-content\/uploads\/2022\/01\/Foto_1-300x219.jpeg 300w, https:\/\/www.cschkolin.cz\/wp-content\/uploads\/2022\/01\/Foto_1-768x560.jpeg 768w, https:\/\/www.cschkolin.cz\/wp-content\/uploads\/2022\/01\/Foto_1-1536x1120.jpeg 1536w, https:\/\/www.cschkolin.cz\/wp-content\/uploads\/2022\/01\/Foto_1.jpeg 1600w\" sizes=\"(max-width: 590px) 100vw, 590px\" \/><\/a><a href=\"https:\/\/www.cschkolin.cz\/wp-content\/uploads\/2022\/01\/Foto_4.jpeg\"><img decoding=\"async\" loading=\"lazy\" class=\"aligncenter size-large wp-image-2383\" src=\"https:\/\/www.cschkolin.cz\/wp-content\/uploads\/2022\/01\/Foto_4-1024x663.jpeg\" alt=\"\" width=\"590\" height=\"382\" srcset=\"https:\/\/www.cschkolin.cz\/wp-content\/uploads\/2022\/01\/Foto_4-1024x663.jpeg 1024w, https:\/\/www.cschkolin.cz\/wp-content\/uploads\/2022\/01\/Foto_4-300x194.jpeg 300w, https:\/\/www.cschkolin.cz\/wp-content\/uploads\/2022\/01\/Foto_4-768x497.jpeg 768w, https:\/\/www.cschkolin.cz\/wp-content\/uploads\/2022\/01\/Foto_4-1536x995.jpeg 1536w, https:\/\/www.cschkolin.cz\/wp-content\/uploads\/2022\/01\/Foto_4.jpeg 1600w\" sizes=\"(max-width: 590px) 100vw, 590px\" \/><\/a><a href=\"https:\/\/www.cschkolin.cz\/wp-content\/uploads\/2022\/01\/02.jpeg\"><img decoding=\"async\" loading=\"lazy\" class=\"aligncenter size-large wp-image-2387\" src=\"https:\/\/www.cschkolin.cz\/wp-content\/uploads\/2022\/01\/02-1024x673.jpeg\" alt=\"\" width=\"590\" height=\"388\" srcset=\"https:\/\/www.cschkolin.cz\/wp-content\/uploads\/2022\/01\/02-1024x673.jpeg 1024w, https:\/\/www.cschkolin.cz\/wp-content\/uploads\/2022\/01\/02-300x197.jpeg 300w, https:\/\/www.cschkolin.cz\/wp-content\/uploads\/2022\/01\/02-768x505.jpeg 768w, https:\/\/www.cschkolin.cz\/wp-content\/uploads\/2022\/01\/02-1536x1009.jpeg 1536w, https:\/\/www.cschkolin.cz\/wp-content\/uploads\/2022\/01\/02.jpeg 1875w\" sizes=\"(max-width: 590px) 100vw, 590px\" \/><\/a><a href=\"https:\/\/www.cschkolin.cz\/wp-content\/uploads\/2022\/01\/01.jpeg\"><img decoding=\"async\" loading=\"lazy\" class=\"aligncenter size-large wp-image-2386\" src=\"https:\/\/www.cschkolin.cz\/wp-content\/uploads\/2022\/01\/01-1024x707.jpeg\" alt=\"\" width=\"590\" height=\"407\" srcset=\"https:\/\/www.cschkolin.cz\/wp-content\/uploads\/2022\/01\/01-1024x707.jpeg 1024w, https:\/\/www.cschkolin.cz\/wp-content\/uploads\/2022\/01\/01-300x207.jpeg 300w, https:\/\/www.cschkolin.cz\/wp-content\/uploads\/2022\/01\/01-768x530.jpeg 768w, https:\/\/www.cschkolin.cz\/wp-content\/uploads\/2022\/01\/01-1536x1060.jpeg 1536w, https:\/\/www.cschkolin.cz\/wp-content\/uploads\/2022\/01\/01.jpeg 1825w\" sizes=\"(max-width: 590px) 100vw, 590px\" \/><\/a><\/p>\n","protected":false},"excerpt":{"rendered":"<p>&nbsp;<\/p>\n","protected":false},"author":1,"featured_media":0,"parent":2354,"menu_order":0,"comment_status":"closed","ping_status":"closed","template":"","meta":{"ngg_post_thumbnail":0},"_links":{"self":[{"href":"https:\/\/www.cschkolin.cz\/index.php?rest_route=\/wp\/v2\/pages\/2376"}],"collection":[{"href":"https:\/\/www.cschkolin.cz\/index.php?rest_route=\/wp\/v2\/pages"}],"about":[{"href":"https:\/\/www.cschkolin.cz\/index.php?rest_route=\/wp\/v2\/types\/page"}],"author":[{"embeddable":true,"href":"https:\/\/www.cschkolin.cz\/index.php?rest_route=\/wp\/v2\/users\/1"}],"replies":[{"embeddable":true,"href":"https:\/\/www.cschkolin.cz\/index.php?rest_route=%2Fwp%2Fv2%2Fcomments&post=2376"}],"version-history":[{"count":5,"href":"https:\/\/www.cschkolin.cz\/index.php?rest_route=\/wp\/v2\/pages\/2376\/revisions"}],"predecessor-version":[{"id":2398,"href":"https:\/\/www.cschkolin.cz\/index.php?rest_route=\/wp\/v2\/pages\/2376\/revisions\/2398"}],"up":[{"embeddable":true,"href":"https:\/\/www.cschkolin.cz\/index.php?rest_route=\/wp\/v2\/pages\/2354"}],"wp:attachment":[{"href":"https:\/\/www.cschkolin.cz\/index.php?rest_route=%2Fwp%2Fv2%2Fmedia&parent=2376"}],"curies":[{"name":"wp","href":"https:\/\/api.w.org\/{rel}","templated":true}]}}