{"id":2548,"date":"2022-04-07T22:33:31","date_gmt":"2022-04-07T20:33:31","guid":{"rendered":"https:\/\/www.cschkolin.cz\/?page_id=2548"},"modified":"2022-04-07T22:37:27","modified_gmt":"2022-04-07T20:37:27","slug":"vyrocni-clenska-schuze","status":"publish","type":"page","link":"https:\/\/www.cschkolin.cz\/?page_id=2548","title":{"rendered":"V\u00fdro\u010dn\u00ed \u010dlensk\u00e1 sch\u016fze"},"content":{"rendered":"\n<p style=\"text-align: center;\"><a href=\"https:\/\/www.cschkolin.cz\/wp-content\/uploads\/2022\/04\/FV-07.jpg\"><img decoding=\"async\" loading=\"lazy\" class=\"aligncenter size-full wp-image-2545\" src=\"https:\/\/www.cschkolin.cz\/wp-content\/uploads\/2022\/04\/FV-07.jpg\" alt=\"\" width=\"750\" height=\"1000\" srcset=\"https:\/\/www.cschkolin.cz\/wp-content\/uploads\/2022\/04\/FV-07.jpg 750w, https:\/\/www.cschkolin.cz\/wp-content\/uploads\/2022\/04\/FV-07-225x300.jpg 225w\" sizes=\"(max-width: 750px) 100vw, 750px\" \/><\/a> <a href=\"https:\/\/www.cschkolin.cz\/wp-content\/uploads\/2022\/04\/FV-06.jpg\"><img decoding=\"async\" loading=\"lazy\" class=\"aligncenter wp-image-2544 size-full\" src=\"https:\/\/www.cschkolin.cz\/wp-content\/uploads\/2022\/04\/FV-06.jpg\" alt=\"\" width=\"750\" height=\"1000\" srcset=\"https:\/\/www.cschkolin.cz\/wp-content\/uploads\/2022\/04\/FV-06.jpg 750w, https:\/\/www.cschkolin.cz\/wp-content\/uploads\/2022\/04\/FV-06-225x300.jpg 225w\" sizes=\"(max-width: 750px) 100vw, 750px\" \/><\/a> <a href=\"https:\/\/www.cschkolin.cz\/wp-content\/uploads\/2022\/04\/FV-04.jpg\"><img decoding=\"async\" loading=\"lazy\" class=\"aligncenter wp-image-2542 size-full\" src=\"https:\/\/www.cschkolin.cz\/wp-content\/uploads\/2022\/04\/FV-04.jpg\" alt=\"\" width=\"779\" height=\"1000\" srcset=\"https:\/\/www.cschkolin.cz\/wp-content\/uploads\/2022\/04\/FV-04.jpg 779w, https:\/\/www.cschkolin.cz\/wp-content\/uploads\/2022\/04\/FV-04-234x300.jpg 234w, https:\/\/www.cschkolin.cz\/wp-content\/uploads\/2022\/04\/FV-04-768x986.jpg 768w\" sizes=\"(max-width: 779px) 100vw, 779px\" \/><\/a> <a href=\"https:\/\/www.cschkolin.cz\/wp-content\/uploads\/2022\/04\/FV-05.jpg\"><img decoding=\"async\" loading=\"lazy\" class=\"aligncenter wp-image-2543 size-full\" src=\"https:\/\/www.cschkolin.cz\/wp-content\/uploads\/2022\/04\/FV-05.jpg\" alt=\"\" width=\"750\" height=\"1000\" srcset=\"https:\/\/www.cschkolin.cz\/wp-content\/uploads\/2022\/04\/FV-05.jpg 750w, https:\/\/www.cschkolin.cz\/wp-content\/uploads\/2022\/04\/FV-05-225x300.jpg 225w\" sizes=\"(max-width: 750px) 100vw, 750px\" \/><\/a> <a href=\"https:\/\/www.cschkolin.cz\/wp-content\/uploads\/2022\/04\/FV-03.jpg\"><img decoding=\"async\" loading=\"lazy\" class=\"aligncenter wp-image-2541 size-full\" src=\"https:\/\/www.cschkolin.cz\/wp-content\/uploads\/2022\/04\/FV-03.jpg\" alt=\"\" width=\"750\" height=\"1000\" srcset=\"https:\/\/www.cschkolin.cz\/wp-content\/uploads\/2022\/04\/FV-03.jpg 750w, https:\/\/www.cschkolin.cz\/wp-content\/uploads\/2022\/04\/FV-03-225x300.jpg 225w\" sizes=\"(max-width: 750px) 100vw, 750px\" \/><\/a> <a href=\"https:\/\/www.cschkolin.cz\/wp-content\/uploads\/2022\/04\/FV-02.jpg\"><img decoding=\"async\" loading=\"lazy\" class=\"aligncenter wp-image-2540 size-full\" src=\"https:\/\/www.cschkolin.cz\/wp-content\/uploads\/2022\/04\/FV-02.jpg\" alt=\"\" width=\"750\" height=\"1000\" srcset=\"https:\/\/www.cschkolin.cz\/wp-content\/uploads\/2022\/04\/FV-02.jpg 750w, https:\/\/www.cschkolin.cz\/wp-content\/uploads\/2022\/04\/FV-02-225x300.jpg 225w\" sizes=\"(max-width: 750px) 100vw, 750px\" \/><\/a> <a href=\"https:\/\/www.cschkolin.cz\/wp-content\/uploads\/2022\/04\/FV-01.jpg\"><img decoding=\"async\" loading=\"lazy\" class=\"aligncenter wp-image-2539 size-full\" src=\"https:\/\/www.cschkolin.cz\/wp-content\/uploads\/2022\/04\/FV-01.jpg\" alt=\"\" width=\"750\" height=\"1000\" srcset=\"https:\/\/www.cschkolin.cz\/wp-content\/uploads\/2022\/04\/FV-01.jpg 750w, https:\/\/www.cschkolin.cz\/wp-content\/uploads\/2022\/04\/FV-01-225x300.jpg 225w\" sizes=\"(max-width: 750px) 100vw, 750px\" \/><\/a><\/p>\n","protected":false},"excerpt":{"rendered":"","protected":false},"author":1,"featured_media":0,"parent":2546,"menu_order":0,"comment_status":"closed","ping_status":"closed","template":"","meta":{"ngg_post_thumbnail":0},"_links":{"self":[{"href":"https:\/\/www.cschkolin.cz\/index.php?rest_route=\/wp\/v2\/pages\/2548"}],"collection":[{"href":"https:\/\/www.cschkolin.cz\/index.php?rest_route=\/wp\/v2\/pages"}],"about":[{"href":"https:\/\/www.cschkolin.cz\/index.php?rest_route=\/wp\/v2\/types\/page"}],"author":[{"embeddable":true,"href":"https:\/\/www.cschkolin.cz\/index.php?rest_route=\/wp\/v2\/users\/1"}],"replies":[{"embeddable":true,"href":"https:\/\/www.cschkolin.cz\/index.php?rest_route=%2Fwp%2Fv2%2Fcomments&post=2548"}],"version-history":[{"count":2,"href":"https:\/\/www.cschkolin.cz\/index.php?rest_route=\/wp\/v2\/pages\/2548\/revisions"}],"predecessor-version":[{"id":2551,"href":"https:\/\/www.cschkolin.cz\/index.php?rest_route=\/wp\/v2\/pages\/2548\/revisions\/2551"}],"up":[{"embeddable":true,"href":"https:\/\/www.cschkolin.cz\/index.php?rest_route=\/wp\/v2\/pages\/2546"}],"wp:attachment":[{"href":"https:\/\/www.cschkolin.cz\/index.php?rest_route=%2Fwp%2Fv2%2Fmedia&parent=2548"}],"curies":[{"name":"wp","href":"https:\/\/api.w.org\/{rel}","templated":true}]}}