{"id":2694,"date":"2022-11-22T12:09:29","date_gmt":"2022-11-22T11:09:29","guid":{"rendered":"https:\/\/www.cschkolin.cz\/?page_id=2694"},"modified":"2024-09-08T14:37:39","modified_gmt":"2024-09-08T12:37:39","slug":"2022-2","status":"publish","type":"page","link":"https:\/\/www.cschkolin.cz\/?page_id=2694","title":{"rendered":"2022"},"content":{"rendered":"\n<p><a href=\"https:\/\/www.cschkolin.cz\/wp-content\/uploads\/2022\/11\/katalog-spojeny-2022-1.pdf\" target=\"_blank\" rel=\"noopener\">Katalog 2022<\/a><\/p>\n<p><a href=\"https:\/\/www.cschkolin.cz\/wp-content\/uploads\/2024\/09\/posviceni_22_final.pdf\" target=\"_blank\" rel=\"noopener\">Katalog posv\u00edcensk\u00e9 v\u00fdstavy 2022<\/a><\/p>\n","protected":false},"excerpt":{"rendered":"<p>Katalog 2022 Katalog posv\u00edcensk\u00e9 v\u00fdstavy 2022<\/p>\n","protected":false},"author":1,"featured_media":0,"parent":368,"menu_order":0,"comment_status":"closed","ping_status":"closed","template":"","meta":{"ngg_post_thumbnail":0},"_links":{"self":[{"href":"https:\/\/www.cschkolin.cz\/index.php?rest_route=\/wp\/v2\/pages\/2694"}],"collection":[{"href":"https:\/\/www.cschkolin.cz\/index.php?rest_route=\/wp\/v2\/pages"}],"about":[{"href":"https:\/\/www.cschkolin.cz\/index.php?rest_route=\/wp\/v2\/types\/page"}],"author":[{"embeddable":true,"href":"https:\/\/www.cschkolin.cz\/index.php?rest_route=\/wp\/v2\/users\/1"}],"replies":[{"embeddable":true,"href":"https:\/\/www.cschkolin.cz\/index.php?rest_route=%2Fwp%2Fv2%2Fcomments&post=2694"}],"version-history":[{"count":3,"href":"https:\/\/www.cschkolin.cz\/index.php?rest_route=\/wp\/v2\/pages\/2694\/revisions"}],"predecessor-version":[{"id":2972,"href":"https:\/\/www.cschkolin.cz\/index.php?rest_route=\/wp\/v2\/pages\/2694\/revisions\/2972"}],"up":[{"embeddable":true,"href":"https:\/\/www.cschkolin.cz\/index.php?rest_route=\/wp\/v2\/pages\/368"}],"wp:attachment":[{"href":"https:\/\/www.cschkolin.cz\/index.php?rest_route=%2Fwp%2Fv2%2Fmedia&parent=2694"}],"curies":[{"name":"wp","href":"https:\/\/api.w.org\/{rel}","templated":true}]}}