{"id":2776,"date":"2023-04-09T09:46:52","date_gmt":"2023-04-09T07:46:52","guid":{"rendered":"https:\/\/www.cschkolin.cz\/?page_id=2776"},"modified":"2026-04-02T23:34:23","modified_gmt":"2026-04-02T21:34:23","slug":"seznam-clenu-vyboru","status":"publish","type":"page","link":"https:\/\/www.cschkolin.cz\/?page_id=2776","title":{"rendered":"Seznam \u010dlen\u016f v\u00fdboru"},"content":{"rendered":"\n<table style=\"border-collapse: collapse; width: 59.6429%;\">\n<tbody>\n<tr>\n<td style=\"width: 32.0238%;\">\n<h4>P\u0159edseda ZO<\/h4>\n<\/td>\n<td style=\"width: 27.6191%;\">\n<h4>Karel Chadraba st.<\/h4>\n<\/td>\n<\/tr>\n<tr>\n<td style=\"width: 32.0238%;\">\n<h4>M\u00edstop\u0159edseda ZO<\/h4>\n<\/td>\n<td style=\"width: 27.6191%;\">\n<h4>Jan Kosprt<\/h4>\n<\/td>\n<\/tr>\n<tr>\n<td style=\"width: 32.0238%;\">\n<h4>Jednatelka ZO<\/h4>\n<\/td>\n<td style=\"width: 27.6191%;\">\n<h4>Petra K\u0159\u00ed\u017ekov\u00e1<\/h4>\n<\/td>\n<\/tr>\n<tr>\n<td style=\"width: 32.0238%;\">\n<h4>Odbor kr\u00e1l\u00edk\u016f + registr\u00e1tor<\/h4>\n<\/td>\n<td style=\"width: 27.6191%;\">\n<h4>Karel Chadraba ml.<\/h4>\n<\/td>\n<\/tr>\n<tr>\n<td style=\"width: 32.0238%;\">\n<h4>Odbor holub\u016f<\/h4>\n<\/td>\n<td style=\"width: 27.6191%;\">\n<h4>Jan Kosprt<\/h4>\n<\/td>\n<\/tr>\n<tr>\n<td style=\"width: 32.0238%;\">\n<h4>Odbor dr\u016fbe\u017ee<\/h4>\n<\/td>\n<td style=\"width: 27.6191%;\">\n<h4>Pavel Hrube\u0161<\/h4>\n<\/td>\n<\/tr>\n<tr>\n<td style=\"width: 32.0238%;\">\n<h4>Odbor exotick\u00e9ho ptactva<\/h4>\n<\/td>\n<td style=\"width: 27.6191%;\">\n<h4>Anton Poturnay<\/h4>\n<\/td>\n<\/tr>\n<tr>\n<td style=\"width: 32.0238%;\">\n<h4>\u010clenka v\u00fdboru<\/h4>\n<\/td>\n<td style=\"width: 27.6191%;\">\n<h4>Jaroslava Ka\u0161ov\u00e1<\/h4>\n<\/td>\n<\/tr>\n<tr>\n<td style=\"width: 32.0238%;\">\n<h4>&nbsp;<\/h4>\n<\/td>\n<td style=\"width: 27.6191%;\">\n<h4>&nbsp;<\/h4>\n<\/td>\n<\/tr>\n<tr>\n<td style=\"width: 32.0238%;\">\n<h4>Spr\u00e1vce are\u00e1lu<\/h4>\n<\/td>\n<td style=\"width: 27.6191%;\">\n<h4>Ji\u0159\u00ed Kr\u00e1l<\/h4>\n<\/td>\n<\/tr>\n<tr>\n<td style=\"width: 32.0238%;\">\n<h4>Pokladn\u00ed<\/h4>\n<\/td>\n<td style=\"width: 27.6191%;\">\n<h4>Alena Kr\u00e1lov\u00e1<\/h4>\n<\/td>\n<\/tr>\n<tr>\n<td style=\"width: 32.0238%;\">\n<h4>&nbsp;<\/h4>\n<\/td>\n<td style=\"width: 27.6191%;\">&nbsp;<\/td>\n<\/tr>\n<tr>\n<td style=\"width: 32.0238%;\">\n<h4>P\u0159edseda kontroln\u00ed komise<\/h4>\n<\/td>\n<td style=\"width: 27.6191%;\">\n<h4>Jan Kotek<\/h4>\n<\/td>\n<\/tr>\n<tr>\n<td style=\"width: 32.0238%;\">\n<h4>\u010clenov\u00e9 kontroln\u00ed komise<\/h4>\n<\/td>\n<td style=\"width: 27.6191%;\">\n<h4>Jaroslav Heler<\/h4>\n<\/td>\n<\/tr>\n<tr>\n<td style=\"width: 32.0238%;\">&nbsp;<\/td>\n<td style=\"width: 27.6191%;\">\n<h4>Pavel Ka\u0161e<\/h4>\n<\/td>\n<\/tr>\n<\/tbody>\n<\/table>\n","protected":false},"excerpt":{"rendered":"<p>P\u0159edseda ZO Karel Chadraba st. M\u00edstop\u0159edseda ZO Jan Kosprt Jednatelka ZO Petra K\u0159\u00ed\u017ekov\u00e1 Odbor kr\u00e1l\u00edk\u016f + registr\u00e1tor Karel Chadraba ml. Odbor holub\u016f Jan Kosprt Odbor dr\u016fbe\u017ee Pavel Hrube\u0161 Odbor exotick\u00e9ho ptactva Anton Poturnay \u010clenka v\u00fdboru Jaroslava Ka\u0161ov\u00e1 &nbsp; &nbsp; Spr\u00e1vce are\u00e1lu Ji\u0159\u00ed Kr\u00e1l Pokladn\u00ed Alena Kr\u00e1lov\u00e1 &nbsp; &nbsp; P\u0159edseda kontroln\u00ed komise Jan Kotek \u010clenov\u00e9 kontroln\u00ed &hellip; <\/p>\n<p><a class=\"more-link block-button\" href=\"https:\/\/www.cschkolin.cz\/?page_id=2776\">Pokra\u010dovat ve \u010dten\u00ed &raquo;<\/a><\/p>\n","protected":false},"author":1,"featured_media":0,"parent":2,"menu_order":-17,"comment_status":"closed","ping_status":"closed","template":"","meta":{"ngg_post_thumbnail":0},"_links":{"self":[{"href":"https:\/\/www.cschkolin.cz\/index.php?rest_route=\/wp\/v2\/pages\/2776"}],"collection":[{"href":"https:\/\/www.cschkolin.cz\/index.php?rest_route=\/wp\/v2\/pages"}],"about":[{"href":"https:\/\/www.cschkolin.cz\/index.php?rest_route=\/wp\/v2\/types\/page"}],"author":[{"embeddable":true,"href":"https:\/\/www.cschkolin.cz\/index.php?rest_route=\/wp\/v2\/users\/1"}],"replies":[{"embeddable":true,"href":"https:\/\/www.cschkolin.cz\/index.php?rest_route=%2Fwp%2Fv2%2Fcomments&post=2776"}],"version-history":[{"count":6,"href":"https:\/\/www.cschkolin.cz\/index.php?rest_route=\/wp\/v2\/pages\/2776\/revisions"}],"predecessor-version":[{"id":3594,"href":"https:\/\/www.cschkolin.cz\/index.php?rest_route=\/wp\/v2\/pages\/2776\/revisions\/3594"}],"up":[{"embeddable":true,"href":"https:\/\/www.cschkolin.cz\/index.php?rest_route=\/wp\/v2\/pages\/2"}],"wp:attachment":[{"href":"https:\/\/www.cschkolin.cz\/index.php?rest_route=%2Fwp%2Fv2%2Fmedia&parent=2776"}],"curies":[{"name":"wp","href":"https:\/\/api.w.org\/{rel}","templated":true}]}}