{"id":2817,"date":"2023-11-19T08:35:49","date_gmt":"2023-11-19T07:35:49","guid":{"rendered":"https:\/\/www.cschkolin.cz\/?page_id=2817"},"modified":"2026-04-02T23:36:32","modified_gmt":"2026-04-02T21:36:32","slug":"prava-a-povinnosti-clenu-zo-csch-kolin-2","status":"publish","type":"page","link":"https:\/\/www.cschkolin.cz\/?page_id=2817","title":{"rendered":"Pr\u00e1va a povinnosti \u010dlen\u016f ZO \u010cSCH Kol\u00edn"},"content":{"rendered":"\n<p><a href=\"https:\/\/www.cschkolin.cz\/wp-content\/uploads\/2026\/04\/Prava-a-povinnosti-clena-ZO-Kolin.docx\" target=\"_blank\" rel=\"noopener\">Pr\u00e1va a povinnosti \u010dlen\u016f ZO \u010cSCH Kol\u00edn<\/a><\/p>\n","protected":false},"excerpt":{"rendered":"<p>Pr\u00e1va a povinnosti \u010dlen\u016f ZO \u010cSCH Kol\u00edn<\/p>\n","protected":false},"author":1,"featured_media":0,"parent":2,"menu_order":-13,"comment_status":"closed","ping_status":"closed","template":"","meta":{"ngg_post_thumbnail":0},"_links":{"self":[{"href":"https:\/\/www.cschkolin.cz\/index.php?rest_route=\/wp\/v2\/pages\/2817"}],"collection":[{"href":"https:\/\/www.cschkolin.cz\/index.php?rest_route=\/wp\/v2\/pages"}],"about":[{"href":"https:\/\/www.cschkolin.cz\/index.php?rest_route=\/wp\/v2\/types\/page"}],"author":[{"embeddable":true,"href":"https:\/\/www.cschkolin.cz\/index.php?rest_route=\/wp\/v2\/users\/1"}],"replies":[{"embeddable":true,"href":"https:\/\/www.cschkolin.cz\/index.php?rest_route=%2Fwp%2Fv2%2Fcomments&post=2817"}],"version-history":[{"count":5,"href":"https:\/\/www.cschkolin.cz\/index.php?rest_route=\/wp\/v2\/pages\/2817\/revisions"}],"predecessor-version":[{"id":3597,"href":"https:\/\/www.cschkolin.cz\/index.php?rest_route=\/wp\/v2\/pages\/2817\/revisions\/3597"}],"up":[{"embeddable":true,"href":"https:\/\/www.cschkolin.cz\/index.php?rest_route=\/wp\/v2\/pages\/2"}],"wp:attachment":[{"href":"https:\/\/www.cschkolin.cz\/index.php?rest_route=%2Fwp%2Fv2%2Fmedia&parent=2817"}],"curies":[{"name":"wp","href":"https:\/\/api.w.org\/{rel}","templated":true}]}}