{"id":2892,"date":"2024-05-19T18:48:28","date_gmt":"2024-05-19T16:48:28","guid":{"rendered":"https:\/\/www.cschkolin.cz\/?page_id=2892"},"modified":"2024-09-01T17:09:47","modified_gmt":"2024-09-01T15:09:47","slug":"podminky-souteze-o-nejlepsiho-chovatele-zo-csch-kolin-na-rok-2024","status":"publish","type":"page","link":"https:\/\/www.cschkolin.cz\/?page_id=2892","title":{"rendered":"Podm\u00ednky sout\u011b\u017ee o nejlep\u0161\u00edho chovatele ZO \u010cSCH Kol\u00edn na rok 2024"},"content":{"rendered":"\n<h2 style=\"text-align: center;\"><a href=\"https:\/\/www.cschkolin.cz\/wp-content\/uploads\/2024\/05\/Podminky_nej_ZO_24.pdf\" target=\"_blank\" rel=\"noopener\">Zde jsou podm\u00ednky k zobrazen\u00ed.<\/a><\/h2>\n<p>&nbsp;<\/p>\n<h2 style=\"text-align: center;\"><a href=\"https:\/\/www.cschkolin.cz\/wp-content\/uploads\/2024\/09\/Hodnoceni-vystavenych-zvirat_ZO_-vzor.doc\" target=\"_blank\" rel=\"noopener\">Zde je ke sta\u017een\u00ed formul\u00e1\u0159 k vypln\u011bn\u00ed a odevzd\u00e1n\u00ed.<\/a><\/h2>\n","protected":false},"excerpt":{"rendered":"<p>Zde jsou podm\u00ednky k zobrazen\u00ed. &nbsp; Zde je ke sta\u017een\u00ed formul\u00e1\u0159 k vypln\u011bn\u00ed a odevzd\u00e1n\u00ed.<\/p>\n","protected":false},"author":1,"featured_media":0,"parent":2399,"menu_order":-5,"comment_status":"closed","ping_status":"closed","template":"","meta":{"ngg_post_thumbnail":0},"_links":{"self":[{"href":"https:\/\/www.cschkolin.cz\/index.php?rest_route=\/wp\/v2\/pages\/2892"}],"collection":[{"href":"https:\/\/www.cschkolin.cz\/index.php?rest_route=\/wp\/v2\/pages"}],"about":[{"href":"https:\/\/www.cschkolin.cz\/index.php?rest_route=\/wp\/v2\/types\/page"}],"author":[{"embeddable":true,"href":"https:\/\/www.cschkolin.cz\/index.php?rest_route=\/wp\/v2\/users\/1"}],"replies":[{"embeddable":true,"href":"https:\/\/www.cschkolin.cz\/index.php?rest_route=%2Fwp%2Fv2%2Fcomments&post=2892"}],"version-history":[{"count":3,"href":"https:\/\/www.cschkolin.cz\/index.php?rest_route=\/wp\/v2\/pages\/2892\/revisions"}],"predecessor-version":[{"id":2922,"href":"https:\/\/www.cschkolin.cz\/index.php?rest_route=\/wp\/v2\/pages\/2892\/revisions\/2922"}],"up":[{"embeddable":true,"href":"https:\/\/www.cschkolin.cz\/index.php?rest_route=\/wp\/v2\/pages\/2399"}],"wp:attachment":[{"href":"https:\/\/www.cschkolin.cz\/index.php?rest_route=%2Fwp%2Fv2%2Fmedia&parent=2892"}],"curies":[{"name":"wp","href":"https:\/\/api.w.org\/{rel}","templated":true}]}}