{"id":3133,"date":"2025-11-15T11:11:40","date_gmt":"2025-11-15T10:11:40","guid":{"rendered":"https:\/\/www.cschkolin.cz\/?page_id=3133"},"modified":"2025-11-15T11:13:37","modified_gmt":"2025-11-15T10:13:37","slug":"2025-2","status":"publish","type":"page","link":"https:\/\/www.cschkolin.cz\/?page_id=3133","title":{"rendered":"2025"},"content":{"rendered":"\n<p><a href=\"https:\/\/www.cschkolin.cz\/wp-content\/uploads\/2025\/11\/posvicenska_25_final.pdf\" target=\"_blank\" rel=\"noopener\">Katalog posv\u00edcensk\u00e9 v\u00fdstavy 2025<\/a><\/p>\n\n\n\n<p><a href=\"https:\/\/www.cschkolin.cz\/wp-content\/uploads\/2025\/11\/final_25_ok.pdf\" target=\"_blank\" rel=\"noopener\">Katalog Okresn\u00ed listopadov\u00e9 v\u00fdstavy 2025<\/a><\/p>\n","protected":false},"excerpt":{"rendered":"<p>Katalog posv\u00edcensk\u00e9 v\u00fdstavy 2025 Katalog Okresn\u00ed listopadov\u00e9 v\u00fdstavy 2025<\/p>\n","protected":false},"author":1,"featured_media":0,"parent":368,"menu_order":-3,"comment_status":"closed","ping_status":"closed","template":"","meta":{"ngg_post_thumbnail":0},"_links":{"self":[{"href":"https:\/\/www.cschkolin.cz\/index.php?rest_route=\/wp\/v2\/pages\/3133"}],"collection":[{"href":"https:\/\/www.cschkolin.cz\/index.php?rest_route=\/wp\/v2\/pages"}],"about":[{"href":"https:\/\/www.cschkolin.cz\/index.php?rest_route=\/wp\/v2\/types\/page"}],"author":[{"embeddable":true,"href":"https:\/\/www.cschkolin.cz\/index.php?rest_route=\/wp\/v2\/users\/1"}],"replies":[{"embeddable":true,"href":"https:\/\/www.cschkolin.cz\/index.php?rest_route=%2Fwp%2Fv2%2Fcomments&post=3133"}],"version-history":[{"count":1,"href":"https:\/\/www.cschkolin.cz\/index.php?rest_route=\/wp\/v2\/pages\/3133\/revisions"}],"predecessor-version":[{"id":3134,"href":"https:\/\/www.cschkolin.cz\/index.php?rest_route=\/wp\/v2\/pages\/3133\/revisions\/3134"}],"up":[{"embeddable":true,"href":"https:\/\/www.cschkolin.cz\/index.php?rest_route=\/wp\/v2\/pages\/368"}],"wp:attachment":[{"href":"https:\/\/www.cschkolin.cz\/index.php?rest_route=%2Fwp%2Fv2%2Fmedia&parent=3133"}],"curies":[{"name":"wp","href":"https:\/\/api.w.org\/{rel}","templated":true}]}}