{"id":618,"date":"2011-11-22T19:26:50","date_gmt":"2011-11-22T19:26:50","guid":{"rendered":"https:\/\/192.168.0.103\/www\/?page_id=618"},"modified":"2011-11-22T19:32:48","modified_gmt":"2011-11-22T19:32:48","slug":"5-11-2011","status":"publish","type":"page","link":"https:\/\/www.cschkolin.cz\/?page_id=618","title":{"rendered":"5.11.2011"},"content":{"rendered":"<p style=\"text-align: center;\">ngg_shortcode_0_placeholder<\/p>\n<h2>\u00a0\u00a0\u00a0\u00a0 <strong><span style=\"text-decoration: underline;\">Listopadov\u00e1 v\u00fdstava v\u00a0Kol\u00edn\u011b<\/span><\/strong><\/h2>\n<h3>Dne 5. listopadu 2011 se uskute\u010dnila okresn\u00ed v\u00fdstava drobn\u00e9ho zv\u00ed\u0159ectva v\u00a0Kol\u00edn\u011b-\u0160t\u00edtarech.<\/h3>\n<h3>Tradi\u010dn\u011b byla dopln\u011bna speci\u00e1ln\u00edmi v\u00fdstavami klub\u016f chovatel\u016f kr\u00e1l\u00edk\u016f japonsk\u00fdch, moravsk\u00fdch b\u00edl\u00fdch hn\u011bdook\u00fdch, zaje\u010d\u00edch a klub\u016f chovatel\u016f dr\u016fbe\u017ee velsumek a vyandotek.<\/h3>\n<h3>P\u00e1te\u010dn\u00edho posuzov\u00e1n\u00ed se zhostilo 7 posuzovatel\u016f kr\u00e1l\u00edk\u016f (D. Caithamlov\u00e1, J. He\u0159mansk\u00fd, J. Kvapil, J. Michel, M. Pavelka, \u010c. Pozdn\u00edk, J. Vlastn\u00edk), 5 posuzovatel\u016f holub\u016f (S. Br\u00fcckner, M. Kafka, J. S\u010debel, A. Straka, V. Z\u00e1hora), 5 posuzovatel\u016f dr\u016fbe\u017ee (J. Bayer, R. Bayer, L. Moj\u017e\u00ed\u0161, J. Nov\u00e1\u010dkov\u00e1, J. Vilhelm) a 2 posuzovatel\u00e9 okrasn\u00e9ho ptactva(V. D\u0159evo a J. Svoboda). P\u00e1te\u010dn\u00ed posuzov\u00e1n\u00ed bylo, stejn\u011b jako loni, bezplatn\u011b zp\u0159\u00edstupn\u011bno d\u011btem okoln\u00edch mate\u0159sk\u00fdch a z\u00e1kladn\u00edch \u0161kol.<\/h3>\n<h3>V\u00fdstava byla op\u011bt ve dvou hal\u00e1ch, p\u0159i\u010dem\u017e v\u00a0horn\u00ed byla <strong>expozice okrasn\u00e9ho ptactva<\/strong> a drobn\u00fdch hlodavc\u016f. Drobo\u0165 byla vystavena v\u00a048 klec\u00edch, z\u00a0nich\u017e k\u00a0nejzaj\u00edmav\u011bj\u0161\u00edm expon\u00e1t\u016fm pat\u0159ili, mimo jin\u00e9, k\u0159\u00ed\u017eenci kan\u00e1ra a stehl\u00edka P. Senohr\u00e1bka. Papou\u0161ci byli vesm\u011bs vystaveni ve 23 voli\u00e9r\u00e1ch. V\u00fdstavu exot\u016f dokreslovalo p\u011bkn\u00e9 aran\u017em\u00e1 velk\u00fdch voli\u00e9r s\u00a0ba\u017eanty, \u010d\u00edrkami, berne\u0161kami a mandarinkami. Celkem bylo vystaveno 351 pt\u00e1k\u016f od \u0161estn\u00e1cti chovatel\u016f. Bylo ud\u011bleno p\u011bt \u010destn\u00fdch cen, kter\u00e9 z\u00edskali: V. V\u00e1cha na amazo\u0148any surinamsk\u00e9, J. Mach na alexandra mal\u00e9ho, V. D\u0159evo na zeb\u0159i\u010dky, J. Svoboda na v\u00fdstavn\u00ed andulky a L. Karban na kachni\u010dky mandarinsk\u00e9. Dopl\u0148kovou expozici akvarijn\u00edch rybek a drobn\u00fdch hlodavc\u016f, kter\u00e1 zaujala p\u0159edev\u0161\u00edm d\u011bti, p\u0159ipravil L. Kolakovsk\u00fd.<\/h3>\n<h3>Doln\u00ed hala pat\u0159ila kr\u00e1l\u00edk\u016fm, dr\u016fbe\u017ei a holub\u016fm. Sv\u00e1 zv\u00ed\u0159ata zde prezentovalo 106 vystavovatel\u016f. Vystaveno bylo 344 ks kr\u00e1l\u00edk\u016f t\u0159iceti plemen, 341 ks holub\u016f bylo prezentov\u00e1no 23 plemeny a dr\u016fbe\u017e prezentovalo 278 zv\u00ed\u0159at (6 ks kachen, 3 perli\u010dky, 9 k\u0159epelek japonsk\u00fdch masn\u00fdch a 260 ks kura zastoupen\u00fdch ve 22 plemenech).<\/h3>\n<h3>V\u00a0r\u00e1mci <strong>okresn\u00ed v\u00fdstavy kr\u00e1l\u00edk\u016f<\/strong> pat\u0159ily k\u00a0nejp\u011bkn\u011bj\u0161\u00edm kolekce v\u00edde\u0148sk\u00fdch \u010dern\u00fdch V. Lisky ocen\u011bn\u00e1 379 b., v\u00edde\u0148sk\u00fdch modr\u00fdch R. Dolej\u0161e ocen\u011bn\u00e1 378,5b., havan J. Pelanta oc. 379,5 b. , zakrsl\u00fdch st\u0159\u00edb\u0159it\u00fdch \u010dern\u00fdch \u010c. Pozdn\u00edka 377 a 282,5b.\u00a0 Za zm\u00ednku jist\u011b stoj\u00ed i jednotlivci, z\u00a0nich\u017e v\u011bt\u0161ina dos\u00e1hla na \u010destnou cenu: 1,0 novoz\u00e9landsk\u00fd b\u00edl\u00fd B. Kub\u00edka 95,5 b., 1,0 \u010desk\u00fd strak\u00e1\u010d \u017eelezit\u00fd J. Vlastn\u00edka 96 b., 1,0 st\u0159\u00edb\u0159it\u00fd \u010dern\u00fd J. Don\u00e1ta 95,5 b., dva samci t\u0159\u00edslov\u00ed \u010dern\u00ed Z. Kohouta ocen\u011bn\u00ed 95 b., 1,0 zakrsl\u00fd divoce zb. oc. 95 b. mlad\u00e9 chovatelky N. Melcrov\u00e9, 1,0 rex modr\u00fd\u00a0 oc. 95,5 b. J. Koska. Zaj\u00edmav\u00e9 byly i K. Chadrabou vystaven\u00e9 novinky v\u00a0podob\u011b zakrsl\u00fdch zaje\u010d\u00edch\u00a0 ve dvou barevn\u00fdch r\u00e1zech.<\/h3>\n<h3><strong><em>Speci\u00e1ln\u00ed v\u00fdstava kr\u00e1l\u00edk\u016f<\/em> <\/strong>japonsk\u00fdch \u010d\u00edtala 37 zv\u00ed\u0159at p\u011bti vystavovatel\u016f. Nejlep\u0161\u00ed zv\u00ed\u0159ata pat\u0159ila P. Barto\u0148ovi, Z. Pokorn\u00e9mu a V. Schlosserovi. Speci\u00e1lka moravsk\u00fdch b\u00edl\u00fdch hn\u011bdook\u00fdch p\u0159edstavila 27 zv\u00ed\u0159at p\u011bti chovatel\u016f. Nejlep\u0161\u00ed zv\u00ed\u0159ata p\u0159edvedl P. Bi\u010d\u00e1k, kter\u00fd defacto posb\u00edral v\u0161echny \u010destn\u00e9 ceny a poh\u00e1ry. Expozice klubu chovatel\u016f kr\u00e1l\u00edk\u016f zaje\u010d\u00edch byla tentokr\u00e1te nejpo\u010detn\u011bj\u0161\u00ed &#8211; \u010d\u00edtala 102 ks od deseti vystavovatel\u016f. Nejvyrovnan\u011bj\u0161\u00ed kolekci (378b.) divoce ohniv\u011b zbarven\u00fdch vystavil \u010c. Pozdn\u00edk. Mezi jednotlivci z\u00edskali v\u00a0tomto barevn\u00e9m r\u00e1zu 95 b. samci J. J\u00edchy, \u010c. Pozdn\u00edka, M. Pavelky a A. Smr\u010dka. Pouze t\u0159i samice dos\u00e1hly na 95 b. \u0160lo o zv\u00ed\u0159ata z\u00a0chovu J. Kr\u00e1le, J. J\u00edchy a J. Petrs\u00edka. V t\u0159\u00edslov\u011b \u010dern\u00e9 a modr\u00e9 barv\u011b bylo vystaveno po p\u011bti zv\u00ed\u0159atech, p\u0159i\u010dem\u017e nejlep\u0161\u00ed zv\u00ed\u0159ata pat\u0159ila J. Petrs\u00edkovi.<\/h3>\n<h3><strong>Expozice holub\u016f<\/strong> byla velmi rozmanit\u00e1 nejen zastoupen\u00fdmi plemeny, ale i po\u010detnou \u0159adou jejich barevn\u00fdch r\u00e1z\u016f. Nejl\u00e9pe ocen\u011bn\u00e1 zv\u00ed\u0159ata: rakovnick\u00fd v\u00e1liv\u00fd rejdi\u010d 94b. L. Pape\u017e, paruk\u00e1\u0159 \u010derven\u00fd 95 b. S. Hat\u00e1k, kudrn\u00e1\u010d \u010derven\u00fd b\u011blou\u0161 95 b. J. Havrda, \u010desk\u00e1 \u010dejka rousn\u00e1 modr\u00e1 \u0161upkat\u00e1 95 b. J.Tu\u010dek, pr\u00e1che\u0148sk\u00fd k\u00e1n\u00edk modr\u00fd b\u011blopruh\u00fd 95b. S. Darius, moravsk\u00fd p\u0161tros \u010dern\u00fd \u0161upinat\u00fd 95 b. V. V\u00e1\u0148a, mor. p\u0161tros \u010derven\u00fd 95b. J. Drahovzal, polsk\u00fd rys modr\u00fd b\u011blopruh\u00fd 95 b. M. \u0160ec, gigant modr\u00fd pruhov\u00fd 95b. V.Civ\u00edn, modenka gazzi modr\u00e1 J. Charv\u00e1t, modenka b\u00edl\u00e1 95 b. K. Chadraba, dragoun modr\u00fd \u010dernopruh\u00fd 95b. S. Darius, n\u011bmeck\u00fd v\u00fdstavn\u00ed \u010derven\u00fd 95b. A.Kloz, brn\u011bnsk\u00fd vol\u00e1\u010d \u010dern\u00fd 95b. F. Houdek slezsk\u00fd vol\u00e1\u010d \u010derven\u00fd b\u011blou\u0161 95b. \u010c. Pozdn\u00edk, \u010desk\u00fd stav\u00e1k \u010dern\u00fd 95b. M. Calda,\u00a0 \u010cS \u017elut\u00fd sedlat\u00fd 95b. M. Calda a V.Liska, \u010cS b\u00edl\u00fd \u010derven\u00fd plam\u00ednek 95 b. M. Calda, \u010desk\u00fd vol\u00e1\u010d siv\u00fd pruhov\u00fd tmavohrot\u00fd 95b. V. Hole\u010dek, po\u0161tovn\u00ed holubi J. Jand\u00e1ka a J. Les\u00e1ka oc. 95b.<\/h3>\n<h3><strong>Okresn\u00ed v\u00fdstavu dr\u016fbe\u017ee<\/strong> zahajovaly kachny. Nejl\u00edbiv\u011bj\u0161\u00ed byly zakrsl\u00e9 b\u00edl\u00e9 L. Rezka oc. 95 a 94b. P\u011bkn\u00e9 byly i\u00a0perli\u010dky sv\u011btle modr\u00e9 chovatele L.V\u00e1clav\u00edka. Z\u00a0novinek bylo na v\u00fdstav\u011b mo\u017en\u00e9 spat\u0159it slepice eikenburgersk\u00e9 v\u00a0barv\u011b b\u00edl\u00e9 i \u010dern\u00e9 a \u010dern\u00e9 kosovsk\u00e9 kokrh\u00e1\u010de. Velmi p\u011bkn\u00e9 byly zdrobn\u011bl\u00e9 r\u00fdnsk\u00e9 slepice \u010c. Pozdn\u00edka ocen\u011bn\u00e9 96,5 a 95,5 b. a zdrobn\u011bl\u00e9 vla\u0161ky R. Kysilky.<\/h3>\n<h3>V\u00a0r\u00e1mci <strong><em>speci\u00e1ln\u00ed v\u00fdstavy<\/em><\/strong> velsumek byla vytavena pouze jejich zdrobn\u011bl\u00e1 podoba (41 ks). Nejkvalitn\u011bj\u0161\u00ed dv\u011b kolekce ( 285 a 284,5b.) pat\u0159ily V. Mart\u00ednkovi. Dal\u0161\u00ed p\u011bkn\u00e1 zv\u00ed\u0159ata vystavil J. Kr\u00e1l a J. Dobrovoln\u00fd. Speci\u00e1lka vyandotek zahrnovala 17 ks velk\u00fdch, z\u00a0nich\u017e nejlep\u0161\u00ed byla \u010dern\u00e1 slepice P. Tu\u010dka ocen\u011bn\u00e1 95b. a stejn\u011b ohodnocen\u00e1 zlat\u00e1 \u010dern\u011b lemovan\u00e1 V. V\u00e1ni. Zdrobn\u011bl\u00e9 vyandotky (90 ks) byly prezentov\u00e1ny osmi barevn\u00fdmi r\u00e1zy. Nejlep\u0161\u00edm zv\u00ed\u0159etem byl b\u00edl\u00fd kohout R. Kysilky oc. 98 b. ( z\u00a0kolekce 286b.). Tradi\u010dn\u011b kvalitn\u00ed zv\u00ed\u0159ata vystavil\u00a0 P.Tu\u010dek (\u017e\u00edhan\u00e1 &#8211; kolekce 285b., st\u0159.koroptv\u00ed vlnit\u00e1 &#8211; 286,5b.).<\/h3>\n<h3>Touto v\u00fdstavou v\u0161ak je\u0161t\u011b sez\u00f3na v\u00a0Kol\u00edn\u011b nekon\u010d\u00ed. N\u00e1sleduj\u00ed je\u0161t\u011b dal\u0161\u00ed t\u0159i &#8211; 12.11. Speci\u00e1ln\u00ed v\u00fdstava NoS, FB a BO, 3.12. M\u00edstn\u00ed v\u00fdstava kr\u00e1l\u00edk\u016f se speci\u00e1lkami klubu \u010cS, \u010cA a Hb, N\u010d a kr\u00e1l\u00edk\u016f zakrsl\u00fdch. Posledn\u00ed v\u00fdstavou je tradi\u010dn\u011b 9.-11.12.- Celost\u00e1tn\u00ed speci\u00e1ln\u00ed v\u00fdstava holub\u016f \u010desk\u00fdch stav\u00e1k\u016f.<\/h3>\n<h3 style=\"text-align: right;\"><strong>\u00a0\u00a0\u00a0\u00a0\u00a0\u00a0\u00a0\u00a0\u00a0\u00a0\u00a0\u00a0\u00a0\u00a0\u00a0\u00a0\u00a0\u00a0\u00a0\u00a0\u00a0\u00a0\u00a0\u00a0\u00a0\u00a0\u00a0\u00a0\u00a0\u00a0\u00a0\u00a0\u00a0\u00a0\u00a0\u00a0\u00a0\u00a0\u00a0\u00a0\u00a0\u00a0\u00a0\u00a0\u00a0\u00a0\u00a0\u00a0\u00a0\u00a0\u00a0\u00a0\u00a0\u00a0\u00a0\u00a0\u00a0\u00a0\u00a0\u00a0\u00a0\u00a0\u00a0\u00a0\u00a0\u00a0\u00a0\u00a0\u00a0\u00a0\u00a0\u00a0\u00a0\u00a0\u00a0\u00a0\u00a0\u00a0\u00a0\u00a0\u00a0\u00a0\u00a0\u00a0\u00a0\u00a0\u00a0\u00a0\u00a0\u00a0\u00a0\u00a0\u00a0\u00a0\u00a0\u00a0\u00a0\u00a0\u00a0\u00a0\u00a0\u00a0\u00a0\u00a0\u00a0\u00a0\u00a0\u00a0\u00a0\u00a0\u00a0\u00a0\u00a0\u00a0\u00a0\u00a0\u00a0\u00a0\u00a0\u00a0\u00a0\u00a0\u00a0\u00a0\u00a0\u00a0\u00a0\u00a0\u00a0\u00a0\u00a0\u00a0\u00a0\u00a0\u00a0\u00a0\u00a0\u00a0\u00a0\u00a0\u00a0\u00a0\u00a0\u00a0\u00a0\u00a0 <em>\u00a0-jn-<\/em><\/strong><\/h3>\n","protected":false},"excerpt":{"rendered":"<p>\u00a0\u00a0\u00a0\u00a0 Listopadov\u00e1 v\u00fdstava v\u00a0Kol\u00edn\u011b Dne 5. listopadu 2011 se uskute\u010dnila okresn\u00ed v\u00fdstava drobn\u00e9ho zv\u00ed\u0159ectva v\u00a0Kol\u00edn\u011b-\u0160t\u00edtarech. Tradi\u010dn\u011b byla dopln\u011bna speci\u00e1ln\u00edmi v\u00fdstavami klub\u016f chovatel\u016f kr\u00e1l\u00edk\u016f japonsk\u00fdch, moravsk\u00fdch b\u00edl\u00fdch hn\u011bdook\u00fdch, zaje\u010d\u00edch a klub\u016f chovatel\u016f dr\u016fbe\u017ee velsumek a vyandotek. P\u00e1te\u010dn\u00edho posuzov\u00e1n\u00ed se zhostilo 7 posuzovatel\u016f kr\u00e1l\u00edk\u016f (D. Caithamlov\u00e1, J. He\u0159mansk\u00fd, J. Kvapil, J. Michel, M. Pavelka, \u010c. Pozdn\u00edk, J. &hellip; <\/p>\n<p><a class=\"more-link block-button\" href=\"https:\/\/www.cschkolin.cz\/?page_id=618\">Pokra\u010dovat ve \u010dten\u00ed &raquo;<\/a><\/p>\n","protected":false},"author":1,"featured_media":0,"parent":423,"menu_order":0,"comment_status":"closed","ping_status":"closed","template":"","meta":{"ngg_post_thumbnail":0},"_links":{"self":[{"href":"https:\/\/www.cschkolin.cz\/index.php?rest_route=\/wp\/v2\/pages\/618"}],"collection":[{"href":"https:\/\/www.cschkolin.cz\/index.php?rest_route=\/wp\/v2\/pages"}],"about":[{"href":"https:\/\/www.cschkolin.cz\/index.php?rest_route=\/wp\/v2\/types\/page"}],"author":[{"embeddable":true,"href":"https:\/\/www.cschkolin.cz\/index.php?rest_route=\/wp\/v2\/users\/1"}],"replies":[{"embeddable":true,"href":"https:\/\/www.cschkolin.cz\/index.php?rest_route=%2Fwp%2Fv2%2Fcomments&post=618"}],"version-history":[{"count":5,"href":"https:\/\/www.cschkolin.cz\/index.php?rest_route=\/wp\/v2\/pages\/618\/revisions"}],"predecessor-version":[{"id":623,"href":"https:\/\/www.cschkolin.cz\/index.php?rest_route=\/wp\/v2\/pages\/618\/revisions\/623"}],"up":[{"embeddable":true,"href":"https:\/\/www.cschkolin.cz\/index.php?rest_route=\/wp\/v2\/pages\/423"}],"wp:attachment":[{"href":"https:\/\/www.cschkolin.cz\/index.php?rest_route=%2Fwp%2Fv2%2Fmedia&parent=618"}],"curies":[{"name":"wp","href":"https:\/\/api.w.org\/{rel}","templated":true}]}}