{"id":845,"date":"2012-12-27T11:48:46","date_gmt":"2012-12-27T10:48:46","guid":{"rendered":"https:\/\/www.cschkolin.cz\/?page_id=845"},"modified":"2022-01-07T22:05:47","modified_gmt":"2022-01-07T21:05:47","slug":"845-2","status":"publish","type":"page","link":"https:\/\/www.cschkolin.cz\/?page_id=845","title":{"rendered":"2012"},"content":{"rendered":"<h2><a href=\"https:\/\/www.cschkolin.cz\/dokumenty\/Katalog_konec_2012.pdf\">P\u0159edb\u011b\u017en\u00fd katalog &#8211; Okresn\u00ed a M\u00edstn\u00ed v\u00fdstava 3. 11. 2012<\/a><\/h2>\n","protected":false},"excerpt":{"rendered":"<p>P\u0159edb\u011b\u017en\u00fd katalog &#8211; Okresn\u00ed a M\u00edstn\u00ed v\u00fdstava 3. 11. 2012<\/p>\n","protected":false},"author":1,"featured_media":0,"parent":368,"menu_order":9,"comment_status":"closed","ping_status":"closed","template":"","meta":{"ngg_post_thumbnail":0},"_links":{"self":[{"href":"https:\/\/www.cschkolin.cz\/index.php?rest_route=\/wp\/v2\/pages\/845"}],"collection":[{"href":"https:\/\/www.cschkolin.cz\/index.php?rest_route=\/wp\/v2\/pages"}],"about":[{"href":"https:\/\/www.cschkolin.cz\/index.php?rest_route=\/wp\/v2\/types\/page"}],"author":[{"embeddable":true,"href":"https:\/\/www.cschkolin.cz\/index.php?rest_route=\/wp\/v2\/users\/1"}],"replies":[{"embeddable":true,"href":"https:\/\/www.cschkolin.cz\/index.php?rest_route=%2Fwp%2Fv2%2Fcomments&post=845"}],"version-history":[{"count":5,"href":"https:\/\/www.cschkolin.cz\/index.php?rest_route=\/wp\/v2\/pages\/845\/revisions"}],"predecessor-version":[{"id":2428,"href":"https:\/\/www.cschkolin.cz\/index.php?rest_route=\/wp\/v2\/pages\/845\/revisions\/2428"}],"up":[{"embeddable":true,"href":"https:\/\/www.cschkolin.cz\/index.php?rest_route=\/wp\/v2\/pages\/368"}],"wp:attachment":[{"href":"https:\/\/www.cschkolin.cz\/index.php?rest_route=%2Fwp%2Fv2%2Fmedia&parent=845"}],"curies":[{"name":"wp","href":"https:\/\/api.w.org\/{rel}","templated":true}]}}